{"id":3643,"date":"2023-04-14T17:37:31","date_gmt":"2023-04-14T15:37:31","guid":{"rendered":"https:\/\/www.vallourec.com\/calendar\/"},"modified":"2023-09-29T15:42:18","modified_gmt":"2023-09-29T13:42:18","slug":"agenda","status":"publish","type":"page","link":"https:\/\/www.vallourec.com\/fr\/agenda\/","title":{"rendered":"Agenda"},"content":{"rendered":"\t\t<div data-elementor-type=\"wp-page\" data-elementor-id=\"3643\" class=\"elementor elementor-3643 elementor-94\">\n\t\t\t\t\t\t<section class=\"elementor-section elementor-top-section elementor-element elementor-element-2b228bd elementor-section-full_width elementor-section-height-default elementor-section-height-default\" data-id=\"2b228bd\" data-element_type=\"section\" data-e-type=\"section\">\n\t\t\t\t\t\t<div class=\"elementor-container elementor-column-gap-default\">\n\t\t\t\t\t<div class=\"elementor-column elementor-col-100 elementor-top-column elementor-element elementor-element-baba6a6\" data-id=\"baba6a6\" data-element_type=\"column\" data-e-type=\"column\">\n\t\t\t<div class=\"elementor-widget-wrap elementor-element-populated\">\n\t\t\t\t\t\t<div class=\"elementor-element elementor-element-65a7e48 elementor-widget elementor-widget-calendar\" data-id=\"65a7e48\" data-element_type=\"widget\" data-e-type=\"widget\" data-widget_type=\"calendar.default\">\n\t\t\t\t<div class=\"elementor-widget-container\">\n\t\t\t\t\t<div class=\"pagination-filter-component\">\n\n  \n  \n  \n    \n      <div class=\"mt-[1.5625rem] mb-8\">\n\n        \n        \n        \n        <div class=\"dynamic-div\" data-ajax-action=\"pagination_events_calendar\" data-page=\"1\" data-lang=\"fr\">\n          <div class=\"flex flex-col md:flex-row md:flex-wrap md:justify-between gap-y-[1.875rem] mt-6 md:mt-4 w-full\" data-nb-pages=\"1\">\n              <div class=\"flex flex-col justify-start w-full md:w-[45%]\">\n          <div class=\"flex gap-x-14 mb-[0.625rem]\">\n  <div class=\"flex items-center\">\n    <div class=\"flex font-medium text-black before:content-location before:pr-2\">Kuala Lumpur, Malaysia<\/div>\n  <\/div>\n  <div class=\"flex items-center\">\n    <div class=\"flex font-medium text-blue-primary-brand before:content-calendar before:pr-2\">\n      31 mars 2026\n       - 2 avril 2026    <\/div>\n  <\/div>\n<\/div>\n<div class=\"font-bold text-xl text-black mb-2\">OTC Asia<\/div>\n<div class=\"text-sm text-black flex-grow\"><\/div>\n<div class=\"mt-6 flex items-center gap-x-4\">\n  <div class=\"bg-black w-full h-[1px] \"><\/div>\n\n  \n    \n      \n        <a href=\"https:\/\/www.otcasia.org\/\" target=\"_blank\" class=\"btn btn-secondary flex items-center min-w-fit\">\n          <span class=\"btn-agenda-label-external-link\">En savoir plus<\/span>\n        <\/a>\n\n      \n    \n  <\/div>\n        <\/div>\n              <div class=\"flex flex-col justify-start w-full md:w-[45%]\">\n          <div class=\"flex gap-x-14 mb-[0.625rem]\">\n  <div class=\"flex items-center\">\n    <div class=\"flex font-medium text-black before:content-location before:pr-2\">D\u00fcsseldorf, Germany<\/div>\n  <\/div>\n  <div class=\"flex items-center\">\n    <div class=\"flex font-medium text-blue-primary-brand before:content-calendar before:pr-2\">\n      13 avril 2026\n       - 17 avril 2026    <\/div>\n  <\/div>\n<\/div>\n<div class=\"font-bold text-xl text-black mb-2\">Tube 2026<\/div>\n<div class=\"text-sm text-black flex-grow\"><\/div>\n<div class=\"mt-6 flex items-center gap-x-4\">\n  <div class=\"bg-black w-full h-[1px] \"><\/div>\n\n  \n    \n      \n        <a href=\"https:\/\/www.tube-tradefair.com\/\" target=\"_blank\" class=\"btn btn-secondary flex items-center min-w-fit\">\n          <span class=\"btn-agenda-label-external-link\">Voir les d\u00e9tails<\/span>\n        <\/a>\n\n      \n    \n  <\/div>\n        <\/div>\n              <div class=\"flex flex-col justify-start w-full md:w-[45%]\">\n          <div class=\"flex gap-x-14 mb-[0.625rem]\">\n  <div class=\"flex items-center\">\n    <div class=\"flex font-medium text-black before:content-location before:pr-2\"><\/div>\n  <\/div>\n  <div class=\"flex items-center\">\n    <div class=\"flex font-medium text-blue-primary-brand before:content-calendar before:pr-2\">\n      13 mai 2026\n          <\/div>\n  <\/div>\n<\/div>\n<div class=\"font-bold text-xl text-black mb-2\">R\u00e9sultats financiers de Vallourec du 1er trimestre 2026<\/div>\n<div class=\"text-sm text-black flex-grow\"><\/div>\n<div class=\"mt-6 flex items-center gap-x-4\">\n  <div class=\"bg-black w-full h-[1px] mb-5\"><\/div>\n\n  <\/div>\n        <\/div>\n              <div class=\"flex flex-col justify-start w-full md:w-[45%]\">\n          <div class=\"flex gap-x-14 mb-[0.625rem]\">\n  <div class=\"flex items-center\">\n    <div class=\"flex font-medium text-black before:content-location before:pr-2\">Rotterdam, NL<\/div>\n  <\/div>\n  <div class=\"flex items-center\">\n    <div class=\"flex font-medium text-blue-primary-brand before:content-calendar before:pr-2\">\n      19 mai 2026\n       - 21 mai 2026    <\/div>\n  <\/div>\n<\/div>\n<div class=\"font-bold text-xl text-black mb-2\">World Hydrogen Summit<\/div>\n<div class=\"text-sm text-black flex-grow\"><\/div>\n<div class=\"mt-6 flex items-center gap-x-4\">\n  <div class=\"bg-black w-full h-[1px] \"><\/div>\n\n  \n    \n      \n        <a href=\"https:\/\/www.world-hydrogen-summit.com\/world\/en-gb.html\" target=\"_blank\" class=\"btn btn-secondary flex items-center min-w-fit\">\n          <span class=\"btn-agenda-label-external-link\">Voir les d\u00e9tails<\/span>\n        <\/a>\n\n      \n    \n  <\/div>\n        <\/div>\n              <div class=\"flex flex-col justify-start w-full md:w-[45%]\">\n          <div class=\"flex gap-x-14 mb-[0.625rem]\">\n  <div class=\"flex items-center\">\n    <div class=\"flex font-medium text-black before:content-location before:pr-2\"><\/div>\n  <\/div>\n  <div class=\"flex items-center\">\n    <div class=\"flex font-medium text-blue-primary-brand before:content-calendar before:pr-2\">\n      21 mai 2026\n          <\/div>\n  <\/div>\n<\/div>\n<div class=\"font-bold text-xl text-black mb-2\">Assembl\u00e9e g\u00e9n\u00e9rale<\/div>\n<div class=\"text-sm text-black flex-grow\"><\/div>\n<div class=\"mt-6 flex items-center gap-x-4\">\n  <div class=\"bg-black w-full h-[1px] mb-5\"><\/div>\n\n  <\/div>\n        <\/div>\n              <div class=\"flex flex-col justify-start w-full md:w-[45%]\">\n          <div class=\"flex gap-x-14 mb-[0.625rem]\">\n  <div class=\"flex items-center\">\n    <div class=\"flex font-medium text-black before:content-location before:pr-2\"><\/div>\n  <\/div>\n  <div class=\"flex items-center\">\n    <div class=\"flex font-medium text-blue-primary-brand before:content-calendar before:pr-2\">\n      30 juillet 2026\n          <\/div>\n  <\/div>\n<\/div>\n<div class=\"font-bold text-xl text-black mb-2\">R\u00e9sultats financiers de Vallourec du 2e trimestre 2026<\/div>\n<div class=\"text-sm text-black flex-grow\"><\/div>\n<div class=\"mt-6 flex items-center gap-x-4\">\n  <div class=\"bg-black w-full h-[1px] mb-5\"><\/div>\n\n  <\/div>\n        <\/div>\n              <div class=\"flex flex-col justify-start w-full md:w-[45%]\">\n          <div class=\"flex gap-x-14 mb-[0.625rem]\">\n  <div class=\"flex items-center\">\n    <div class=\"flex font-medium text-black before:content-location before:pr-2\"><\/div>\n  <\/div>\n  <div class=\"flex items-center\">\n    <div class=\"flex font-medium text-blue-primary-brand before:content-calendar before:pr-2\">\n      20 novembre 2026\n          <\/div>\n  <\/div>\n<\/div>\n<div class=\"font-bold text-xl text-black mb-2\">R\u00e9sultats financiers de Vallourec du 3e trimestre 2026<\/div>\n<div class=\"text-sm text-black flex-grow\"><\/div>\n<div class=\"mt-6 flex items-center gap-x-4\">\n  <div class=\"bg-black w-full h-[1px] mb-5\"><\/div>\n\n  <\/div>\n        <\/div>\n          <\/div>\n          <\/div>\n\n        \n        \n      <\/div>\n\n    \n  <\/div>\n\t\t\t\t<\/div>\n\t\t\t\t<\/div>\n\t\t\t\t\t<\/div>\n\t\t<\/div>\n\t\t\t\t\t<\/div>\n\t\t<\/section>\n\t\t\t\t<\/div>\n\t\t","protected":false},"excerpt":{"rendered":"","protected":false},"author":1,"featured_media":0,"parent":0,"menu_order":0,"comment_status":"closed","ping_status":"closed","template":"","meta":{"_acf_changed":false,"footnotes":""},"class_list":["post-3643","page","type-page","status-publish","hentry"],"acf":[],"yoast_head":"<title>Agenda - Vallourec<\/title>\n<meta name=\"robots\" content=\"index, follow, max-snippet:-1, max-image-preview:large, max-video-preview:-1\" \/>\n<link rel=\"canonical\" href=\"https:\/\/www.vallourec.com\/fr\/agenda\/\" \/>\n<meta property=\"og:locale\" content=\"fr_FR\" \/>\n<meta property=\"og:type\" content=\"article\" \/>\n<meta property=\"og:title\" content=\"Agenda - Vallourec\" \/>\n<meta property=\"og:url\" content=\"https:\/\/www.vallourec.com\/fr\/agenda\/\" \/>\n<meta property=\"og:site_name\" content=\"Vallourec\" \/>\n<meta property=\"article:publisher\" content=\"https:\/\/fr-fr.facebook.com\/Vallourec\/\" \/>\n<meta property=\"article:modified_time\" content=\"2023-09-29T13:42:18+00:00\" \/>\n<meta property=\"og:image\" content=\"https:\/\/www.vallourec.com\/app\/uploads\/2023\/04\/742-1440x600-1.jpg\" \/>\n<meta name=\"twitter:card\" content=\"summary_large_image\" \/>\n<meta name=\"twitter:site\" content=\"@Vallourec\" \/>\n<meta name=\"twitter:label1\" content=\"Dur\u00e9e de lecture estim\u00e9e\" \/>\n\t<meta name=\"twitter:data1\" content=\"3 minutes\" \/>\n<script type=\"application\/ld+json\" class=\"yoast-schema-graph\">{\"@context\":\"https:\\\/\\\/schema.org\",\"@graph\":[{\"@type\":\"WebPage\",\"@id\":\"https:\\\/\\\/www.vallourec.com\\\/fr\\\/agenda\\\/\",\"url\":\"https:\\\/\\\/www.vallourec.com\\\/fr\\\/agenda\\\/\",\"name\":\"Agenda - Vallourec\",\"isPartOf\":{\"@id\":\"https:\\\/\\\/www.vallourec.com\\\/fr\\\/#website\"},\"primaryImageOfPage\":{\"@id\":\"https:\\\/\\\/www.vallourec.com\\\/fr\\\/agenda\\\/#primaryimage\"},\"image\":{\"@id\":\"https:\\\/\\\/www.vallourec.com\\\/fr\\\/agenda\\\/#primaryimage\"},\"thumbnailUrl\":\"https:\\\/\\\/www.vallourec.com\\\/app\\\/uploads\\\/2023\\\/04\\\/742-1440x600-1.jpg\",\"datePublished\":\"2023-04-14T15:37:31+00:00\",\"dateModified\":\"2023-09-29T13:42:18+00:00\",\"inLanguage\":\"fr-FR\",\"potentialAction\":[{\"@type\":\"ReadAction\",\"target\":[\"https:\\\/\\\/www.vallourec.com\\\/fr\\\/agenda\\\/\"]}]},{\"@type\":\"ImageObject\",\"inLanguage\":\"fr-FR\",\"@id\":\"https:\\\/\\\/www.vallourec.com\\\/fr\\\/agenda\\\/#primaryimage\",\"url\":\"https:\\\/\\\/www.vallourec.com\\\/app\\\/uploads\\\/2023\\\/04\\\/742-1440x600-1.jpg\",\"contentUrl\":\"https:\\\/\\\/www.vallourec.com\\\/app\\\/uploads\\\/2023\\\/04\\\/742-1440x600-1.jpg\"},{\"@type\":\"WebSite\",\"@id\":\"https:\\\/\\\/www.vallourec.com\\\/fr\\\/#website\",\"url\":\"https:\\\/\\\/www.vallourec.com\\\/fr\\\/\",\"name\":\"Vallourec\",\"description\":\"\",\"publisher\":{\"@id\":\"https:\\\/\\\/www.vallourec.com\\\/fr\\\/#organization\"},\"potentialAction\":[{\"@type\":\"SearchAction\",\"target\":{\"@type\":\"EntryPoint\",\"urlTemplate\":\"https:\\\/\\\/www.vallourec.com\\\/fr\\\/?s={search_term_string}\"},\"query-input\":{\"@type\":\"PropertyValueSpecification\",\"valueRequired\":true,\"valueName\":\"search_term_string\"}}],\"inLanguage\":\"fr-FR\"},{\"@type\":\"Organization\",\"@id\":\"https:\\\/\\\/www.vallourec.com\\\/fr\\\/#organization\",\"name\":\"Vallourec\",\"url\":\"https:\\\/\\\/www.vallourec.com\\\/fr\\\/\",\"logo\":{\"@type\":\"ImageObject\",\"inLanguage\":\"fr-FR\",\"@id\":\"https:\\\/\\\/www.vallourec.com\\\/fr\\\/#\\\/schema\\\/logo\\\/image\\\/\",\"url\":\"https:\\\/\\\/www.vallourec.com\\\/app\\\/uploads\\\/2024\\\/11\\\/vallourec_logo.jpg\",\"contentUrl\":\"https:\\\/\\\/www.vallourec.com\\\/app\\\/uploads\\\/2024\\\/11\\\/vallourec_logo.jpg\",\"width\":662,\"height\":500,\"caption\":\"Vallourec\"},\"image\":{\"@id\":\"https:\\\/\\\/www.vallourec.com\\\/fr\\\/#\\\/schema\\\/logo\\\/image\\\/\"},\"sameAs\":[\"https:\\\/\\\/fr-fr.facebook.com\\\/Vallourec\\\/\",\"https:\\\/\\\/x.com\\\/Vallourec\",\"https:\\\/\\\/www.instagram.com\\\/vallourec\\\/\",\"https:\\\/\\\/fr.linkedin.com\\\/company\\\/vallourec\",\"https:\\\/\\\/www.youtube.com\\\/channel\\\/UCgIl0xm1ANwajVkfCFvZr0w\"]}]}<\/script>","yoast_head_json":{"title":"Agenda - Vallourec","robots":{"index":"index","follow":"follow","max-snippet":"max-snippet:-1","max-image-preview":"max-image-preview:large","max-video-preview":"max-video-preview:-1"},"canonical":"https:\/\/www.vallourec.com\/fr\/agenda\/","og_locale":"fr_FR","og_type":"article","og_title":"Agenda - Vallourec","og_url":"https:\/\/www.vallourec.com\/fr\/agenda\/","og_site_name":"Vallourec","article_publisher":"https:\/\/fr-fr.facebook.com\/Vallourec\/","article_modified_time":"2023-09-29T13:42:18+00:00","og_image":[{"url":"https:\/\/www.vallourec.com\/app\/uploads\/2023\/04\/742-1440x600-1.jpg","type":"","width":"","height":""}],"twitter_card":"summary_large_image","twitter_site":"@Vallourec","twitter_misc":{"Dur\u00e9e de lecture estim\u00e9e":"3 minutes"},"schema":{"@context":"https:\/\/schema.org","@graph":[{"@type":"WebPage","@id":"https:\/\/www.vallourec.com\/fr\/agenda\/","url":"https:\/\/www.vallourec.com\/fr\/agenda\/","name":"Agenda - Vallourec","isPartOf":{"@id":"https:\/\/www.vallourec.com\/fr\/#website"},"primaryImageOfPage":{"@id":"https:\/\/www.vallourec.com\/fr\/agenda\/#primaryimage"},"image":{"@id":"https:\/\/www.vallourec.com\/fr\/agenda\/#primaryimage"},"thumbnailUrl":"https:\/\/www.vallourec.com\/app\/uploads\/2023\/04\/742-1440x600-1.jpg","datePublished":"2023-04-14T15:37:31+00:00","dateModified":"2023-09-29T13:42:18+00:00","inLanguage":"fr-FR","potentialAction":[{"@type":"ReadAction","target":["https:\/\/www.vallourec.com\/fr\/agenda\/"]}]},{"@type":"ImageObject","inLanguage":"fr-FR","@id":"https:\/\/www.vallourec.com\/fr\/agenda\/#primaryimage","url":"https:\/\/www.vallourec.com\/app\/uploads\/2023\/04\/742-1440x600-1.jpg","contentUrl":"https:\/\/www.vallourec.com\/app\/uploads\/2023\/04\/742-1440x600-1.jpg"},{"@type":"WebSite","@id":"https:\/\/www.vallourec.com\/fr\/#website","url":"https:\/\/www.vallourec.com\/fr\/","name":"Vallourec","description":"","publisher":{"@id":"https:\/\/www.vallourec.com\/fr\/#organization"},"potentialAction":[{"@type":"SearchAction","target":{"@type":"EntryPoint","urlTemplate":"https:\/\/www.vallourec.com\/fr\/?s={search_term_string}"},"query-input":{"@type":"PropertyValueSpecification","valueRequired":true,"valueName":"search_term_string"}}],"inLanguage":"fr-FR"},{"@type":"Organization","@id":"https:\/\/www.vallourec.com\/fr\/#organization","name":"Vallourec","url":"https:\/\/www.vallourec.com\/fr\/","logo":{"@type":"ImageObject","inLanguage":"fr-FR","@id":"https:\/\/www.vallourec.com\/fr\/#\/schema\/logo\/image\/","url":"https:\/\/www.vallourec.com\/app\/uploads\/2024\/11\/vallourec_logo.jpg","contentUrl":"https:\/\/www.vallourec.com\/app\/uploads\/2024\/11\/vallourec_logo.jpg","width":662,"height":500,"caption":"Vallourec"},"image":{"@id":"https:\/\/www.vallourec.com\/fr\/#\/schema\/logo\/image\/"},"sameAs":["https:\/\/fr-fr.facebook.com\/Vallourec\/","https:\/\/x.com\/Vallourec","https:\/\/www.instagram.com\/vallourec\/","https:\/\/fr.linkedin.com\/company\/vallourec","https:\/\/www.youtube.com\/channel\/UCgIl0xm1ANwajVkfCFvZr0w"]}]}},"_links":{"self":[{"href":"https:\/\/www.vallourec.com\/fr\/wp-json\/wp\/v2\/pages\/3643","targetHints":{"allow":["GET"]}}],"collection":[{"href":"https:\/\/www.vallourec.com\/fr\/wp-json\/wp\/v2\/pages"}],"about":[{"href":"https:\/\/www.vallourec.com\/fr\/wp-json\/wp\/v2\/types\/page"}],"author":[{"embeddable":true,"href":"https:\/\/www.vallourec.com\/fr\/wp-json\/wp\/v2\/users\/1"}],"replies":[{"embeddable":true,"href":"https:\/\/www.vallourec.com\/fr\/wp-json\/wp\/v2\/comments?post=3643"}],"version-history":[{"count":3,"href":"https:\/\/www.vallourec.com\/fr\/wp-json\/wp\/v2\/pages\/3643\/revisions"}],"predecessor-version":[{"id":20940,"href":"https:\/\/www.vallourec.com\/fr\/wp-json\/wp\/v2\/pages\/3643\/revisions\/20940"}],"wp:attachment":[{"href":"https:\/\/www.vallourec.com\/fr\/wp-json\/wp\/v2\/media?parent=3643"}],"curies":[{"name":"wp","href":"https:\/\/api.w.org\/{rel}","templated":true}]}}