{"id":3587,"date":"2023-09-01T16:04:24","date_gmt":"2023-09-01T14:04:24","guid":{"rendered":"https:\/\/www.vallourec.com\/talent-room\/the-vallourec-spirit\/"},"modified":"2025-03-21T14:41:38","modified_gmt":"2025-03-21T13:41:38","slug":"lesprit-vallourec","status":"publish","type":"page","link":"https:\/\/www.vallourec.com\/fr\/talent-room\/lesprit-vallourec\/","title":{"rendered":"L&rsquo;Esprit Vallourec &#8211; Carri\u00e8res"},"content":{"rendered":"\t\t<div data-elementor-type=\"wp-page\" data-elementor-id=\"3587\" class=\"elementor elementor-3587 elementor-1956\">\n\t\t\t\t\t\t<section class=\"elementor-section elementor-top-section elementor-element elementor-element-d00eb21 elementor-section-boxed elementor-section-height-default elementor-section-height-default\" data-id=\"d00eb21\" data-element_type=\"section\" data-e-type=\"section\">\n\t\t\t\t\t\t<div class=\"elementor-container elementor-column-gap-default\">\n\t\t\t\t\t<div class=\"elementor-column elementor-col-100 elementor-top-column elementor-element elementor-element-7b736ad\" data-id=\"7b736ad\" data-element_type=\"column\" data-e-type=\"column\">\n\t\t\t<div class=\"elementor-widget-wrap elementor-element-populated\">\n\t\t\t\t\t\t<div class=\"elementor-element elementor-element-7138d05 elementor-widget elementor-widget-title\" data-id=\"7138d05\" data-element_type=\"widget\" data-e-type=\"widget\" data-widget_type=\"title.default\">\n\t\t\t\t<div class=\"elementor-widget-container\">\n\t\t\t\t\t<div>\n      <div class=\"block mb-[3rem] md:mb-none md:flex relative\">\n      <h2 class=\"w-fit title-h2 pb-2 md:pb-0 \">Notre philosophie RH<\/h2>\n      <div class=\"title-divider ml-0 mr-0 md:ml-3 self-center\"><\/div>\n      <p class=\"title-anchor -bottom-[2rem] md:bottom-[50%] right-0 \" id=\"\"><\/p>\n    <\/div>\n  <\/div>\n\t\t\t\t<\/div>\n\t\t\t\t<\/div>\n\t\t\t\t\t<\/div>\n\t\t<\/div>\n\t\t\t\t\t<\/div>\n\t\t<\/section>\n\t\t\t\t<section class=\"elementor-section elementor-top-section elementor-element elementor-element-94e5f48 elementor-section-boxed elementor-section-height-default elementor-section-height-default\" data-id=\"94e5f48\" data-element_type=\"section\" data-e-type=\"section\">\n\t\t\t\t\t\t<div class=\"elementor-container elementor-column-gap-default\">\n\t\t\t\t\t<div class=\"elementor-column elementor-col-100 elementor-top-column elementor-element elementor-element-e383c39\" data-id=\"e383c39\" data-element_type=\"column\" data-e-type=\"column\">\n\t\t\t<div class=\"elementor-widget-wrap elementor-element-populated\">\n\t\t\t\t\t\t<div class=\"elementor-element elementor-element-8411e39 elementor-widget elementor-widget-text-editor\" data-id=\"8411e39\" data-element_type=\"widget\" data-e-type=\"widget\" data-widget_type=\"text-editor.default\">\n\t\t\t\t\t\t\t\t\t<p>\u00a0Vallourec investit sur ses collaborateurs en leur proposant des m\u00e9tiers vari\u00e9s dans un univers innovant \u00e0 forte dominante technique. La motivation et l&rsquo;investissement des personnes se conjuguent avec des opportunit\u00e9s de carri\u00e8re nombreuses et personnalis\u00e9es, en France comme \u00e0 l&rsquo;international. Pour encourager nos collaborateurs dans l&rsquo;atteinte de leurs objectifs professionnels, la formation occupe une position strat\u00e9gique dans notre politique RH. Je suis convaincu que la diversit\u00e9 des parcours fait la richesse d&rsquo;une entreprise et que des structures \u00e0 taille humaine au sein d&rsquo;un grand groupe international, favorisent l&rsquo;autonomie, la responsabilisation et l&rsquo;\u00e9panouissement de chacun. Vallourec est une entreprise \u00e0 taille humaine, une entreprise dans laquelle chacun a un impact, et o\u00f9 chacun peut faire la diff\u00e9rence, \u00e0 condition d&rsquo;agir en conformit\u00e9 avec nos valeurs.\u00a0<\/p>\t\t\t\t\t\t\t\t<\/div>\n\t\t\t\t<div class=\"elementor-element elementor-element-701f9d1 elementor-widget elementor-widget-spacer\" data-id=\"701f9d1\" data-element_type=\"widget\" data-e-type=\"widget\" data-widget_type=\"spacer.default\">\n\t\t\t\t\t\t\t<div class=\"elementor-spacer\">\n\t\t\t<div class=\"elementor-spacer-inner\"><\/div>\n\t\t<\/div>\n\t\t\t\t\t\t<\/div>\n\t\t\t\t\t<\/div>\n\t\t<\/div>\n\t\t\t\t\t<\/div>\n\t\t<\/section>\n\t\t\t\t<section class=\"elementor-section elementor-top-section elementor-element elementor-element-d3a6e58 elementor-section-boxed elementor-section-height-default elementor-section-height-default\" data-id=\"d3a6e58\" data-element_type=\"section\" data-e-type=\"section\">\n\t\t\t\t\t\t<div class=\"elementor-container elementor-column-gap-default\">\n\t\t\t\t\t<div class=\"elementor-column elementor-col-100 elementor-top-column elementor-element elementor-element-82f7419\" data-id=\"82f7419\" data-element_type=\"column\" data-e-type=\"column\">\n\t\t\t<div class=\"elementor-widget-wrap elementor-element-populated\">\n\t\t\t\t\t\t<div class=\"elementor-element elementor-element-da7dfc0 elementor-widget elementor-widget-title\" data-id=\"da7dfc0\" data-element_type=\"widget\" data-e-type=\"widget\" data-widget_type=\"title.default\">\n\t\t\t\t<div class=\"elementor-widget-container\">\n\t\t\t\t\t<div>\n      <div class=\"block mb-[3rem] md:mb-none md:flex relative\">\n      <h2 class=\"w-fit title-h2 pb-2 md:pb-0 \">Les engagements Ethiques et diversit\u00e9 chez Vallourec<\/h2>\n      <div class=\"title-divider ml-0 mr-0 md:ml-3 self-center\"><\/div>\n      <p class=\"title-anchor -bottom-[2rem] md:bottom-[50%] right-0 \" id=\"\"><\/p>\n    <\/div>\n  <\/div>\n\t\t\t\t<\/div>\n\t\t\t\t<\/div>\n\t\t\t\t<div class=\"elementor-element elementor-element-67b5939 elementor-widget elementor-widget-text-editor\" data-id=\"67b5939\" data-element_type=\"widget\" data-e-type=\"widget\" data-widget_type=\"text-editor.default\">\n\t\t\t\t\t\t\t\t\t<ul><li>Le d\u00e9veloppement des collaborateurs (respect, \u00e9quit\u00e9 et d\u00e9veloppement des comp\u00e9tences, Vallourec University, programme Experts pour renforcer la fid\u00e9lit\u00e9, r\u00e9seau Women@Vallourec)<\/li><\/ul><ul><li>En mati\u00e8re de diversit\u00e9, le programme Women@Vallourec, compos\u00e9 d\u2019hommes et de femmes volontaires et engag\u00e9s, propose des actions pour d\u00e9velopper et valoriser la mixit\u00e9.<\/li><\/ul>\t\t\t\t\t\t\t\t<\/div>\n\t\t\t\t<div class=\"elementor-element elementor-element-22392ac elementor-widget elementor-widget-spacer\" data-id=\"22392ac\" data-element_type=\"widget\" data-e-type=\"widget\" data-widget_type=\"spacer.default\">\n\t\t\t\t\t\t\t<div class=\"elementor-spacer\">\n\t\t\t<div class=\"elementor-spacer-inner\"><\/div>\n\t\t<\/div>\n\t\t\t\t\t\t<\/div>\n\t\t\t\t\t<\/div>\n\t\t<\/div>\n\t\t\t\t\t<\/div>\n\t\t<\/section>\n\t\t\t\t<section class=\"elementor-section elementor-top-section elementor-element elementor-element-a5d6cac elementor-section-boxed elementor-section-height-default elementor-section-height-default\" data-id=\"a5d6cac\" data-element_type=\"section\" data-e-type=\"section\">\n\t\t\t\t\t\t<div class=\"elementor-container elementor-column-gap-default\">\n\t\t\t\t\t<div class=\"elementor-column elementor-col-100 elementor-top-column elementor-element elementor-element-65f7811\" data-id=\"65f7811\" data-element_type=\"column\" data-e-type=\"column\">\n\t\t\t<div class=\"elementor-widget-wrap elementor-element-populated\">\n\t\t\t\t\t\t<div class=\"elementor-element elementor-element-b80361d elementor-widget elementor-widget-key_figures\" data-id=\"b80361d\" data-element_type=\"widget\" data-e-type=\"widget\" data-widget_type=\"key_figures.default\">\n\t\t\t\t<div class=\"elementor-widget-container\">\n\t\t\t\t\t<div class=\"  px-4 lg:px-0\">\n    <div class=\"relative select-none bg-shadow-title -z-10 mb-[0.75rem] lg:translate-y-6\">Chiffres cl\u00e9s<\/div>\n    <div class=\"grid grid-cols-2 lg:grid-cols-4 gap-8 z-10\">\n          <div class=\"item-box py-4 px-1 lg:py-8 lg:px-2\">\n  <div class=\"mt-4 mb-8 text-[2rem] lg:text-[3.5rem] leading-[2rem] lg:leading-[3.5rem] text-center font-extrabold\">72%<\/div>\n  <div class=\"text-gray-400 text-[1rem] lg:text-[1.25rem] leading-[1.25rem] lg:leading-[1.5rem] text-center font-medium\">de la formation autour de l\u2019excellence op\u00e9rationnelle<\/div>\n<\/div>\n          <div class=\"item-box py-4 px-1 lg:py-8 lg:px-2\">\n  <div class=\"mt-4 mb-8 text-[2rem] lg:text-[3.5rem] leading-[2rem] lg:leading-[3.5rem] text-center font-extrabold\">300<\/div>\n  <div class=\"text-gray-400 text-[1rem] lg:text-[1.25rem] leading-[1.25rem] lg:leading-[1.5rem] text-center font-medium\">experts m\u00e9tiers suivis individuellement<\/div>\n<\/div>\n          <div class=\"item-box py-4 px-1 lg:py-8 lg:px-2\">\n  <div class=\"mt-4 mb-8 text-[2rem] lg:text-[3.5rem] leading-[2rem] lg:leading-[3.5rem] text-center font-extrabold\">15,000<\/div>\n  <div class=\"text-gray-400 text-[1rem] lg:text-[1.25rem] leading-[1.25rem] lg:leading-[1.5rem] text-center font-medium\">collaborateurs dans 20 pays<\/div>\n<\/div>\n          <div class=\"item-box py-4 px-1 lg:py-8 lg:px-2\">\n  <div class=\"mt-4 mb-8 text-[2rem] lg:text-[3.5rem] leading-[2rem] lg:leading-[3.5rem] text-center font-extrabold\">506 459 heures<\/div>\n  <div class=\"text-gray-400 text-[1rem] lg:text-[1.25rem] leading-[1.25rem] lg:leading-[1.5rem] text-center font-medium\">de formation professionnelle en 2018<\/div>\n<\/div>\n      <\/div>\n<\/div>\n\t\t\t\t<\/div>\n\t\t\t\t<\/div>\n\t\t\t\t<div class=\"elementor-element elementor-element-542dd89 elementor-widget elementor-widget-spacer\" data-id=\"542dd89\" data-element_type=\"widget\" data-e-type=\"widget\" data-widget_type=\"spacer.default\">\n\t\t\t\t\t\t\t<div class=\"elementor-spacer\">\n\t\t\t<div class=\"elementor-spacer-inner\"><\/div>\n\t\t<\/div>\n\t\t\t\t\t\t<\/div>\n\t\t\t\t<div class=\"elementor-element elementor-element-3c349ab elementor-widget elementor-widget-title\" data-id=\"3c349ab\" data-element_type=\"widget\" data-e-type=\"widget\" data-widget_type=\"title.default\">\n\t\t\t\t<div class=\"elementor-widget-container\">\n\t\t\t\t\t<div>\n      <div class=\"block mb-[3rem] md:mb-none md:flex relative\">\n      <h2 class=\"w-fit title-h2 pb-2 md:pb-0 \">Les valeurs du groupe<\/h2>\n      <div class=\"title-divider ml-0 mr-0 md:ml-3 self-center\"><\/div>\n      <p class=\"title-anchor -bottom-[2rem] md:bottom-[50%] right-0 \" id=\"\"><\/p>\n    <\/div>\n  <\/div>\n\t\t\t\t<\/div>\n\t\t\t\t<\/div>\n\t\t\t\t<div class=\"elementor-element elementor-element-f70cef1 elementor-widget elementor-widget-text-editor\" data-id=\"f70cef1\" data-element_type=\"widget\" data-e-type=\"widget\" data-widget_type=\"text-editor.default\">\n\t\t\t\t\t\t\t\t\t<ul><li>Int\u00e9grit\u00e9 et transparence<\/li><li>Exigence et professionnalisme<\/li><li>Performance et r\u00e9activit\u00e9<\/li><li>Respect des hommes et des femmes<\/li><li>Engagement collectif<\/li><\/ul>\t\t\t\t\t\t\t\t<\/div>\n\t\t\t\t\t<\/div>\n\t\t<\/div>\n\t\t\t\t\t<\/div>\n\t\t<\/section>\n\t\t\t\t<section class=\"elementor-section elementor-top-section elementor-element elementor-element-60a47ee elementor-section-boxed elementor-section-height-default elementor-section-height-default\" data-id=\"60a47ee\" data-element_type=\"section\" data-e-type=\"section\">\n\t\t\t\t\t\t<div class=\"elementor-container elementor-column-gap-default\">\n\t\t\t\t\t<div class=\"elementor-column elementor-col-100 elementor-top-column elementor-element elementor-element-355fa50\" data-id=\"355fa50\" data-element_type=\"column\" data-e-type=\"column\">\n\t\t\t<div class=\"elementor-widget-wrap elementor-element-populated\">\n\t\t\t\t\t\t\t<\/div>\n\t\t<\/div>\n\t\t\t\t\t<\/div>\n\t\t<\/section>\n\t\t\t\t<\/div>\n\t\t","protected":false},"excerpt":{"rendered":"","protected":false},"author":4,"featured_media":0,"parent":18339,"menu_order":0,"comment_status":"closed","ping_status":"closed","template":"","meta":{"_acf_changed":false,"footnotes":""},"class_list":["post-3587","page","type-page","status-publish","hentry"],"acf":[],"yoast_head":"<title>L&#039;Esprit Vallourec - Carri\u00e8res - Vallourec<\/title>\n<meta name=\"robots\" content=\"index, follow, max-snippet:-1, max-image-preview:large, max-video-preview:-1\" \/>\n<link rel=\"canonical\" href=\"https:\/\/www.vallourec.com\/fr\/talent-room\/lesprit-vallourec\/\" \/>\n<meta property=\"og:locale\" content=\"fr_FR\" \/>\n<meta property=\"og:type\" content=\"article\" \/>\n<meta property=\"og:title\" content=\"L&#039;Esprit Vallourec - Carri\u00e8res - Vallourec\" \/>\n<meta property=\"og:url\" content=\"https:\/\/www.vallourec.com\/fr\/talent-room\/lesprit-vallourec\/\" \/>\n<meta property=\"og:site_name\" content=\"Vallourec\" \/>\n<meta property=\"article:publisher\" content=\"https:\/\/fr-fr.facebook.com\/Vallourec\/\" \/>\n<meta property=\"article:modified_time\" content=\"2025-03-21T13:41:38+00:00\" \/>\n<meta name=\"twitter:card\" content=\"summary_large_image\" \/>\n<meta name=\"twitter:site\" content=\"@Vallourec\" \/>\n<meta name=\"twitter:label1\" content=\"Dur\u00e9e de lecture estim\u00e9e\" \/>\n\t<meta name=\"twitter:data1\" content=\"2 minutes\" \/>\n<script type=\"application\/ld+json\" class=\"yoast-schema-graph\">{\"@context\":\"https:\\\/\\\/schema.org\",\"@graph\":[{\"@type\":\"WebPage\",\"@id\":\"https:\\\/\\\/www.vallourec.com\\\/fr\\\/talent-room\\\/lesprit-vallourec\\\/\",\"url\":\"https:\\\/\\\/www.vallourec.com\\\/fr\\\/talent-room\\\/lesprit-vallourec\\\/\",\"name\":\"L'Esprit Vallourec - Carri\u00e8res - Vallourec\",\"isPartOf\":{\"@id\":\"https:\\\/\\\/www.vallourec.com\\\/fr\\\/#website\"},\"datePublished\":\"2023-09-01T14:04:24+00:00\",\"dateModified\":\"2025-03-21T13:41:38+00:00\",\"breadcrumb\":{\"@id\":\"https:\\\/\\\/www.vallourec.com\\\/fr\\\/talent-room\\\/lesprit-vallourec\\\/#breadcrumb\"},\"inLanguage\":\"fr-FR\",\"potentialAction\":[{\"@type\":\"ReadAction\",\"target\":[\"https:\\\/\\\/www.vallourec.com\\\/fr\\\/talent-room\\\/lesprit-vallourec\\\/\"]}]},{\"@type\":\"BreadcrumbList\",\"@id\":\"https:\\\/\\\/www.vallourec.com\\\/fr\\\/talent-room\\\/lesprit-vallourec\\\/#breadcrumb\",\"itemListElement\":[{\"@type\":\"ListItem\",\"position\":1,\"name\":\"Carri\u00e8res\",\"item\":\"https:\\\/\\\/www.vallourec.com\\\/fr\\\/talent-room\\\/\"},{\"@type\":\"ListItem\",\"position\":2,\"name\":\"L&rsquo;Esprit Vallourec &#8211; Carri\u00e8res\"}]},{\"@type\":\"WebSite\",\"@id\":\"https:\\\/\\\/www.vallourec.com\\\/fr\\\/#website\",\"url\":\"https:\\\/\\\/www.vallourec.com\\\/fr\\\/\",\"name\":\"Vallourec\",\"description\":\"\",\"publisher\":{\"@id\":\"https:\\\/\\\/www.vallourec.com\\\/fr\\\/#organization\"},\"potentialAction\":[{\"@type\":\"SearchAction\",\"target\":{\"@type\":\"EntryPoint\",\"urlTemplate\":\"https:\\\/\\\/www.vallourec.com\\\/fr\\\/?s={search_term_string}\"},\"query-input\":{\"@type\":\"PropertyValueSpecification\",\"valueRequired\":true,\"valueName\":\"search_term_string\"}}],\"inLanguage\":\"fr-FR\"},{\"@type\":\"Organization\",\"@id\":\"https:\\\/\\\/www.vallourec.com\\\/fr\\\/#organization\",\"name\":\"Vallourec\",\"url\":\"https:\\\/\\\/www.vallourec.com\\\/fr\\\/\",\"logo\":{\"@type\":\"ImageObject\",\"inLanguage\":\"fr-FR\",\"@id\":\"https:\\\/\\\/www.vallourec.com\\\/fr\\\/#\\\/schema\\\/logo\\\/image\\\/\",\"url\":\"https:\\\/\\\/www.vallourec.com\\\/app\\\/uploads\\\/2024\\\/11\\\/vallourec_logo.jpg\",\"contentUrl\":\"https:\\\/\\\/www.vallourec.com\\\/app\\\/uploads\\\/2024\\\/11\\\/vallourec_logo.jpg\",\"width\":662,\"height\":500,\"caption\":\"Vallourec\"},\"image\":{\"@id\":\"https:\\\/\\\/www.vallourec.com\\\/fr\\\/#\\\/schema\\\/logo\\\/image\\\/\"},\"sameAs\":[\"https:\\\/\\\/fr-fr.facebook.com\\\/Vallourec\\\/\",\"https:\\\/\\\/x.com\\\/Vallourec\",\"https:\\\/\\\/www.instagram.com\\\/vallourec\\\/\",\"https:\\\/\\\/fr.linkedin.com\\\/company\\\/vallourec\",\"https:\\\/\\\/www.youtube.com\\\/channel\\\/UCgIl0xm1ANwajVkfCFvZr0w\"]}]}<\/script>","yoast_head_json":{"title":"L'Esprit Vallourec - Carri\u00e8res - Vallourec","robots":{"index":"index","follow":"follow","max-snippet":"max-snippet:-1","max-image-preview":"max-image-preview:large","max-video-preview":"max-video-preview:-1"},"canonical":"https:\/\/www.vallourec.com\/fr\/talent-room\/lesprit-vallourec\/","og_locale":"fr_FR","og_type":"article","og_title":"L'Esprit Vallourec - Carri\u00e8res - Vallourec","og_url":"https:\/\/www.vallourec.com\/fr\/talent-room\/lesprit-vallourec\/","og_site_name":"Vallourec","article_publisher":"https:\/\/fr-fr.facebook.com\/Vallourec\/","article_modified_time":"2025-03-21T13:41:38+00:00","twitter_card":"summary_large_image","twitter_site":"@Vallourec","twitter_misc":{"Dur\u00e9e de lecture estim\u00e9e":"2 minutes"},"schema":{"@context":"https:\/\/schema.org","@graph":[{"@type":"WebPage","@id":"https:\/\/www.vallourec.com\/fr\/talent-room\/lesprit-vallourec\/","url":"https:\/\/www.vallourec.com\/fr\/talent-room\/lesprit-vallourec\/","name":"L'Esprit Vallourec - Carri\u00e8res - Vallourec","isPartOf":{"@id":"https:\/\/www.vallourec.com\/fr\/#website"},"datePublished":"2023-09-01T14:04:24+00:00","dateModified":"2025-03-21T13:41:38+00:00","breadcrumb":{"@id":"https:\/\/www.vallourec.com\/fr\/talent-room\/lesprit-vallourec\/#breadcrumb"},"inLanguage":"fr-FR","potentialAction":[{"@type":"ReadAction","target":["https:\/\/www.vallourec.com\/fr\/talent-room\/lesprit-vallourec\/"]}]},{"@type":"BreadcrumbList","@id":"https:\/\/www.vallourec.com\/fr\/talent-room\/lesprit-vallourec\/#breadcrumb","itemListElement":[{"@type":"ListItem","position":1,"name":"Carri\u00e8res","item":"https:\/\/www.vallourec.com\/fr\/talent-room\/"},{"@type":"ListItem","position":2,"name":"L&rsquo;Esprit Vallourec &#8211; Carri\u00e8res"}]},{"@type":"WebSite","@id":"https:\/\/www.vallourec.com\/fr\/#website","url":"https:\/\/www.vallourec.com\/fr\/","name":"Vallourec","description":"","publisher":{"@id":"https:\/\/www.vallourec.com\/fr\/#organization"},"potentialAction":[{"@type":"SearchAction","target":{"@type":"EntryPoint","urlTemplate":"https:\/\/www.vallourec.com\/fr\/?s={search_term_string}"},"query-input":{"@type":"PropertyValueSpecification","valueRequired":true,"valueName":"search_term_string"}}],"inLanguage":"fr-FR"},{"@type":"Organization","@id":"https:\/\/www.vallourec.com\/fr\/#organization","name":"Vallourec","url":"https:\/\/www.vallourec.com\/fr\/","logo":{"@type":"ImageObject","inLanguage":"fr-FR","@id":"https:\/\/www.vallourec.com\/fr\/#\/schema\/logo\/image\/","url":"https:\/\/www.vallourec.com\/app\/uploads\/2024\/11\/vallourec_logo.jpg","contentUrl":"https:\/\/www.vallourec.com\/app\/uploads\/2024\/11\/vallourec_logo.jpg","width":662,"height":500,"caption":"Vallourec"},"image":{"@id":"https:\/\/www.vallourec.com\/fr\/#\/schema\/logo\/image\/"},"sameAs":["https:\/\/fr-fr.facebook.com\/Vallourec\/","https:\/\/x.com\/Vallourec","https:\/\/www.instagram.com\/vallourec\/","https:\/\/fr.linkedin.com\/company\/vallourec","https:\/\/www.youtube.com\/channel\/UCgIl0xm1ANwajVkfCFvZr0w"]}]}},"_links":{"self":[{"href":"https:\/\/www.vallourec.com\/fr\/wp-json\/wp\/v2\/pages\/3587","targetHints":{"allow":["GET"]}}],"collection":[{"href":"https:\/\/www.vallourec.com\/fr\/wp-json\/wp\/v2\/pages"}],"about":[{"href":"https:\/\/www.vallourec.com\/fr\/wp-json\/wp\/v2\/types\/page"}],"author":[{"embeddable":true,"href":"https:\/\/www.vallourec.com\/fr\/wp-json\/wp\/v2\/users\/4"}],"replies":[{"embeddable":true,"href":"https:\/\/www.vallourec.com\/fr\/wp-json\/wp\/v2\/comments?post=3587"}],"version-history":[{"count":14,"href":"https:\/\/www.vallourec.com\/fr\/wp-json\/wp\/v2\/pages\/3587\/revisions"}],"predecessor-version":[{"id":21676,"href":"https:\/\/www.vallourec.com\/fr\/wp-json\/wp\/v2\/pages\/3587\/revisions\/21676"}],"up":[{"embeddable":true,"href":"https:\/\/www.vallourec.com\/fr\/wp-json\/wp\/v2\/pages\/18339"}],"wp:attachment":[{"href":"https:\/\/www.vallourec.com\/fr\/wp-json\/wp\/v2\/media?parent=3587"}],"curies":[{"name":"wp","href":"https:\/\/api.w.org\/{rel}","templated":true}]}}