{"id":3573,"date":"2023-09-01T16:37:12","date_gmt":"2023-09-01T14:37:12","guid":{"rendered":"https:\/\/www.vallourec.com\/talent-room\/join-us\/"},"modified":"2024-01-03T16:26:49","modified_gmt":"2024-01-03T15:26:49","slug":"rejoignez-nous","status":"publish","type":"page","link":"https:\/\/www.vallourec.com\/fr\/talent-room\/rejoignez-nous\/","title":{"rendered":"Rejoignez-nous"},"content":{"rendered":"\t\t<div data-elementor-type=\"wp-page\" data-elementor-id=\"3573\" class=\"elementor elementor-3573 elementor-2358\">\n\t\t\t\t\t\t<section class=\"elementor-section elementor-top-section elementor-element elementor-element-74e36a2 elementor-section-boxed elementor-section-height-default elementor-section-height-default\" data-id=\"74e36a2\" data-element_type=\"section\" data-e-type=\"section\">\n\t\t\t\t\t\t<div class=\"elementor-container elementor-column-gap-default\">\n\t\t\t\t\t<div class=\"elementor-column elementor-col-100 elementor-top-column elementor-element elementor-element-56b6cc7\" data-id=\"56b6cc7\" data-element_type=\"column\" data-e-type=\"column\">\n\t\t\t<div class=\"elementor-widget-wrap elementor-element-populated\">\n\t\t\t\t\t\t<div class=\"elementor-element elementor-element-1f6707a elementor-widget elementor-widget-text-editor\" data-id=\"1f6707a\" data-element_type=\"widget\" data-e-type=\"widget\" data-widget_type=\"text-editor.default\">\n\t\t\t\t\t\t\t\t\t<h2>Le parcours<\/h2><p><br \/>Vallourec, groupe d\u2019envergure internationale \u00e0 taille humaine, met tout en \u0153uvre pour favoriser l\u2019\u00e9volution de ses talents. D\u00e8s notre premier contact, stagiaire, alternant, VIE, jeune dipl\u00f4m\u00e9 ou cadre confirm\u00e9, nous vous donnons le pouvoir de construire votre carri\u00e8re au sein de l\u2019entreprise, de d\u00e9ployer votre ambition en conciliant l\u2019\u00e9quilibre vie professionnelle-vie priv\u00e9e, en ad\u00e9quation avec les valeurs du Groupe et au service de sa performance. Nous d\u00e9finissons pour cela des crit\u00e8res pr\u00e9cis de recrutement, nous organisons des \u00e9v\u00e9nements pour rencontrer nos futurs collaborateurs, et nous misons sur des personnalit\u00e9s au profil international, flexible et adaptable.<br \/>Soyez les bienvenus!<\/p>\t\t\t\t\t\t\t\t<\/div>\n\t\t\t\t\t<\/div>\n\t\t<\/div>\n\t\t\t\t\t<\/div>\n\t\t<\/section>\n\t\t\t\t<section class=\"elementor-section elementor-top-section elementor-element elementor-element-42ce6ba elementor-section-boxed elementor-section-height-default elementor-section-height-default\" data-id=\"42ce6ba\" data-element_type=\"section\" data-e-type=\"section\">\n\t\t\t\t\t\t<div class=\"elementor-container elementor-column-gap-default\">\n\t\t\t\t\t<div class=\"elementor-column elementor-col-100 elementor-top-column elementor-element elementor-element-09d35f4\" data-id=\"09d35f4\" data-element_type=\"column\" data-e-type=\"column\">\n\t\t\t<div class=\"elementor-widget-wrap elementor-element-populated\">\n\t\t\t\t\t\t<div class=\"elementor-element elementor-element-0952bfa elementor-widget elementor-widget-spacer\" data-id=\"0952bfa\" data-element_type=\"widget\" data-e-type=\"widget\" data-widget_type=\"spacer.default\">\n\t\t\t\t\t\t\t<div class=\"elementor-spacer\">\n\t\t\t<div class=\"elementor-spacer-inner\"><\/div>\n\t\t<\/div>\n\t\t\t\t\t\t<\/div>\n\t\t\t\t\t<\/div>\n\t\t<\/div>\n\t\t\t\t\t<\/div>\n\t\t<\/section>\n\t\t\t\t<section class=\"elementor-section elementor-top-section elementor-element elementor-element-ce4ba90 elementor-section-boxed elementor-section-height-default elementor-section-height-default\" data-id=\"ce4ba90\" data-element_type=\"section\" data-e-type=\"section\">\n\t\t\t\t\t\t<div class=\"elementor-container elementor-column-gap-default\">\n\t\t\t\t\t<div class=\"elementor-column elementor-col-100 elementor-top-column elementor-element elementor-element-628fd1a\" data-id=\"628fd1a\" data-element_type=\"column\" data-e-type=\"column\">\n\t\t\t<div class=\"elementor-widget-wrap elementor-element-populated\">\n\t\t\t\t\t\t<div class=\"elementor-element elementor-element-1222d92 elementor-widget elementor-widget-text-editor\" data-id=\"1222d92\" data-element_type=\"widget\" data-e-type=\"widget\" data-widget_type=\"text-editor.default\">\n\t\t\t\t\t\t\t\t\t<h2>Les profils Confirm\u00e9s \u00e0 Exp\u00e9riment\u00e9s<\/h2><h3>Nos crit\u00e8res de recrutement<\/h3><p><br \/>La mobilit\u00e9 qu&rsquo;elle soit g\u00e9ographique ou fonctionnelle est notre ma\u00eetre-mot. Nous souhaitons rencontrer en priorit\u00e9 des candidats ouverts, se reconnaissant dans nos valeurs, et capables d&rsquo;\u00e9voluer. Des personnalit\u00e9s qui souhaitent assumer des responsabilit\u00e9s et progresser au sein du Groupe.<\/p><p>Des talents agiles, pr\u00eats \u00e0 d\u00e9couvrir le monde Vallourec en changeant de r\u00e9gion, de pays, de continent, en osant prendre les bonnes passerelles pour s\u2019initier \u00e0 un nouveau m\u00e9tier, un nouveau secteur d&rsquo;activit\u00e9, aussi bien dans les fili\u00e8res d&rsquo;expertise technique que vers la voie manag\u00e9riale.<\/p><p>Nous savons et voulons faire \u00e9voluer nos collaborateurs en fonction de leurs capacit\u00e9s, de leurs envies et de leurs projets de vie.<\/p>\t\t\t\t\t\t\t\t<\/div>\n\t\t\t\t\t<\/div>\n\t\t<\/div>\n\t\t\t\t\t<\/div>\n\t\t<\/section>\n\t\t\t\t<section class=\"elementor-section elementor-top-section elementor-element elementor-element-8208d16 elementor-section-boxed elementor-section-height-default elementor-section-height-default\" data-id=\"8208d16\" data-element_type=\"section\" data-e-type=\"section\">\n\t\t\t\t\t\t<div class=\"elementor-container elementor-column-gap-default\">\n\t\t\t\t\t<div class=\"elementor-column elementor-col-100 elementor-top-column elementor-element elementor-element-e8c01ee\" data-id=\"e8c01ee\" data-element_type=\"column\" data-e-type=\"column\">\n\t\t\t<div class=\"elementor-widget-wrap elementor-element-populated\">\n\t\t\t\t\t\t<div class=\"elementor-element elementor-element-0d42b0f elementor-widget elementor-widget-spacer\" data-id=\"0d42b0f\" data-element_type=\"widget\" data-e-type=\"widget\" data-widget_type=\"spacer.default\">\n\t\t\t\t\t\t\t<div class=\"elementor-spacer\">\n\t\t\t<div class=\"elementor-spacer-inner\"><\/div>\n\t\t<\/div>\n\t\t\t\t\t\t<\/div>\n\t\t\t\t\t<\/div>\n\t\t<\/div>\n\t\t\t\t\t<\/div>\n\t\t<\/section>\n\t\t\t\t<section class=\"elementor-section elementor-top-section elementor-element elementor-element-c920e30 elementor-section-boxed elementor-section-height-default elementor-section-height-default\" data-id=\"c920e30\" data-element_type=\"section\" data-e-type=\"section\">\n\t\t\t\t\t\t<div class=\"elementor-container elementor-column-gap-default\">\n\t\t\t\t\t<div class=\"elementor-column elementor-col-100 elementor-top-column elementor-element elementor-element-5b97bf3\" data-id=\"5b97bf3\" data-element_type=\"column\" data-e-type=\"column\">\n\t\t\t<div class=\"elementor-widget-wrap elementor-element-populated\">\n\t\t\t\t\t\t<div class=\"elementor-element elementor-element-8582c6b elementor-widget elementor-widget-text-editor\" data-id=\"8582c6b\" data-element_type=\"widget\" data-e-type=\"widget\" data-widget_type=\"text-editor.default\">\n\t\t\t\t\t\t\t\t\t<h2>Les profils Juniors, \u00c9tudiants et jeunes dipl\u00f4m\u00e9s<\/h2>\n<p><br>Groupe international, Vallourec est une terre d\u2019aventures pour tous les \u00e9tudiants et jeunes dipl\u00f4m\u00e9s d\u00e9sireux de vivre une exp\u00e9rience professionnelle et personnelle enrichissante. Nous offrons une large palette de stages, de contrats en alternance et de VIE, sur l\u2019ensemble de nos sites de production, dans nos filiales ou au si\u00e8ge, pour vous mettre le pied \u00e0 l\u2019\u00e9trier. Quel que soit votre niveau d\u2019\u00e9tude (\u00e9cole d\u2019ing\u00e9nieurs, de commerce et universit\u00e9) et le m\u00e9tier qui vous passionne.<br>Vous \u00eates int\u00e9ress\u00e9(e)? Venez nous rencontrer \u00e0 l\u2019occasion des nombreux \u00e9v\u00e9nements que nous organisons chaque ann\u00e9e.<\/p>\t\t\t\t\t\t\t\t<\/div>\n\t\t\t\t\t<\/div>\n\t\t<\/div>\n\t\t\t\t\t<\/div>\n\t\t<\/section>\n\t\t\t\t<section class=\"elementor-section elementor-top-section elementor-element elementor-element-c5e124d elementor-section-boxed elementor-section-height-default elementor-section-height-default\" data-id=\"c5e124d\" data-element_type=\"section\" data-e-type=\"section\">\n\t\t\t\t\t\t<div class=\"elementor-container elementor-column-gap-default\">\n\t\t\t\t\t<div class=\"elementor-column elementor-col-100 elementor-top-column elementor-element elementor-element-cf82373\" data-id=\"cf82373\" data-element_type=\"column\" data-e-type=\"column\">\n\t\t\t<div class=\"elementor-widget-wrap elementor-element-populated\">\n\t\t\t\t\t\t<div class=\"elementor-element elementor-element-0c698f1 elementor-widget elementor-widget-spacer\" data-id=\"0c698f1\" data-element_type=\"widget\" data-e-type=\"widget\" data-widget_type=\"spacer.default\">\n\t\t\t\t\t\t\t<div class=\"elementor-spacer\">\n\t\t\t<div class=\"elementor-spacer-inner\"><\/div>\n\t\t<\/div>\n\t\t\t\t\t\t<\/div>\n\t\t\t\t\t<\/div>\n\t\t<\/div>\n\t\t\t\t\t<\/div>\n\t\t<\/section>\n\t\t\t\t<section class=\"elementor-section elementor-top-section elementor-element elementor-element-1bf7c96 elementor-section-boxed elementor-section-height-default elementor-section-height-default\" data-id=\"1bf7c96\" data-element_type=\"section\" data-e-type=\"section\">\n\t\t\t\t\t\t<div class=\"elementor-container elementor-column-gap-default\">\n\t\t\t\t\t<div class=\"elementor-column elementor-col-100 elementor-top-column elementor-element elementor-element-3db7d0b\" data-id=\"3db7d0b\" data-element_type=\"column\" data-e-type=\"column\">\n\t\t\t<div class=\"elementor-widget-wrap elementor-element-populated\">\n\t\t\t\t\t\t<div class=\"elementor-element elementor-element-09f0248 elementor-widget elementor-widget-more_information\" data-id=\"09f0248\" data-element_type=\"widget\" data-e-type=\"widget\" data-widget_type=\"more_information.default\">\n\t\t\t\t<div class=\"elementor-widget-container\">\n\t\t\t\t\t<div class=\"mr-[2.5rem]\">\n  <div class=\"relative   px-4 lg:px-0\">\n    <div class=\"absolute bg-blue-primary-brand w-full h-full -translate-x-full\"><\/div>\n    <div class=\"flex flex-col inline-flex md:flex-row py-4 gap-4 items-right md:items-center bg-blue-primary-brand\">\n      <div class=\"text-white font-medium md:text-[1.25rem] mr-4 z-10\">D\u00e9couvrez nos offres d'emplois sur notre plateforme en ligne<\/div>\n        <div class=\"flex flex-wrap gap-4 mr-4\">\n                  <a\n            href=\"https:\/\/career012.successfactors.eu\/career?company=VALLOUREC&amp;amp;site=VjItcmY2YVFFcnJMYWhIb3RmMzhTYU9Ldz09\"\n             target=\"_blank\"             class=\"btn btn-secondary flex items-center min-w-fit px-2\"\n          >\n          <span><span class=\"pr-3 fas fa-external-link-alt\"><\/span>Discover more<\/span>\n          <\/a>\n              <\/div>\n    <\/div>\n  <\/div>\n<\/div>\n\n\n\n\n\t\t\t\t<\/div>\n\t\t\t\t<\/div>\n\t\t\t\t\t<\/div>\n\t\t<\/div>\n\t\t\t\t\t<\/div>\n\t\t<\/section>\n\t\t\t\t<\/div>\n\t\t","protected":false},"excerpt":{"rendered":"","protected":false},"author":4,"featured_media":0,"parent":18339,"menu_order":0,"comment_status":"closed","ping_status":"closed","template":"","meta":{"_acf_changed":false,"footnotes":""},"class_list":["post-3573","page","type-page","status-publish","hentry"],"acf":[],"yoast_head":"<title>Rejoignez-nous - Vallourec<\/title>\n<meta name=\"robots\" content=\"index, follow, max-snippet:-1, max-image-preview:large, max-video-preview:-1\" \/>\n<link rel=\"canonical\" href=\"https:\/\/www.vallourec.com\/fr\/talent-room\/rejoignez-nous\/\" \/>\n<meta property=\"og:locale\" content=\"fr_FR\" \/>\n<meta property=\"og:type\" content=\"article\" \/>\n<meta property=\"og:title\" content=\"Rejoignez-nous - Vallourec\" \/>\n<meta property=\"og:url\" content=\"https:\/\/www.vallourec.com\/fr\/talent-room\/rejoignez-nous\/\" \/>\n<meta property=\"og:site_name\" content=\"Vallourec\" \/>\n<meta property=\"article:publisher\" content=\"https:\/\/fr-fr.facebook.com\/Vallourec\/\" \/>\n<meta property=\"article:modified_time\" content=\"2024-01-03T15:26:49+00:00\" \/>\n<meta name=\"twitter:card\" content=\"summary_large_image\" \/>\n<meta name=\"twitter:site\" content=\"@Vallourec\" \/>\n<meta name=\"twitter:label1\" content=\"Dur\u00e9e de lecture estim\u00e9e\" \/>\n\t<meta name=\"twitter:data1\" content=\"2 minutes\" \/>\n<script type=\"application\/ld+json\" class=\"yoast-schema-graph\">{\"@context\":\"https:\\\/\\\/schema.org\",\"@graph\":[{\"@type\":\"WebPage\",\"@id\":\"https:\\\/\\\/www.vallourec.com\\\/fr\\\/talent-room\\\/rejoignez-nous\\\/\",\"url\":\"https:\\\/\\\/www.vallourec.com\\\/fr\\\/talent-room\\\/rejoignez-nous\\\/\",\"name\":\"Rejoignez-nous - Vallourec\",\"isPartOf\":{\"@id\":\"https:\\\/\\\/www.vallourec.com\\\/fr\\\/#website\"},\"datePublished\":\"2023-09-01T14:37:12+00:00\",\"dateModified\":\"2024-01-03T15:26:49+00:00\",\"breadcrumb\":{\"@id\":\"https:\\\/\\\/www.vallourec.com\\\/fr\\\/talent-room\\\/rejoignez-nous\\\/#breadcrumb\"},\"inLanguage\":\"fr-FR\",\"potentialAction\":[{\"@type\":\"ReadAction\",\"target\":[\"https:\\\/\\\/www.vallourec.com\\\/fr\\\/talent-room\\\/rejoignez-nous\\\/\"]}]},{\"@type\":\"BreadcrumbList\",\"@id\":\"https:\\\/\\\/www.vallourec.com\\\/fr\\\/talent-room\\\/rejoignez-nous\\\/#breadcrumb\",\"itemListElement\":[{\"@type\":\"ListItem\",\"position\":1,\"name\":\"Carri\u00e8res\",\"item\":\"https:\\\/\\\/www.vallourec.com\\\/fr\\\/talent-room\\\/\"},{\"@type\":\"ListItem\",\"position\":2,\"name\":\"Rejoignez-nous\"}]},{\"@type\":\"WebSite\",\"@id\":\"https:\\\/\\\/www.vallourec.com\\\/fr\\\/#website\",\"url\":\"https:\\\/\\\/www.vallourec.com\\\/fr\\\/\",\"name\":\"Vallourec\",\"description\":\"\",\"publisher\":{\"@id\":\"https:\\\/\\\/www.vallourec.com\\\/fr\\\/#organization\"},\"potentialAction\":[{\"@type\":\"SearchAction\",\"target\":{\"@type\":\"EntryPoint\",\"urlTemplate\":\"https:\\\/\\\/www.vallourec.com\\\/fr\\\/?s={search_term_string}\"},\"query-input\":{\"@type\":\"PropertyValueSpecification\",\"valueRequired\":true,\"valueName\":\"search_term_string\"}}],\"inLanguage\":\"fr-FR\"},{\"@type\":\"Organization\",\"@id\":\"https:\\\/\\\/www.vallourec.com\\\/fr\\\/#organization\",\"name\":\"Vallourec\",\"url\":\"https:\\\/\\\/www.vallourec.com\\\/fr\\\/\",\"logo\":{\"@type\":\"ImageObject\",\"inLanguage\":\"fr-FR\",\"@id\":\"https:\\\/\\\/www.vallourec.com\\\/fr\\\/#\\\/schema\\\/logo\\\/image\\\/\",\"url\":\"https:\\\/\\\/www.vallourec.com\\\/app\\\/uploads\\\/2024\\\/11\\\/vallourec_logo.jpg\",\"contentUrl\":\"https:\\\/\\\/www.vallourec.com\\\/app\\\/uploads\\\/2024\\\/11\\\/vallourec_logo.jpg\",\"width\":662,\"height\":500,\"caption\":\"Vallourec\"},\"image\":{\"@id\":\"https:\\\/\\\/www.vallourec.com\\\/fr\\\/#\\\/schema\\\/logo\\\/image\\\/\"},\"sameAs\":[\"https:\\\/\\\/fr-fr.facebook.com\\\/Vallourec\\\/\",\"https:\\\/\\\/x.com\\\/Vallourec\",\"https:\\\/\\\/www.instagram.com\\\/vallourec\\\/\",\"https:\\\/\\\/fr.linkedin.com\\\/company\\\/vallourec\",\"https:\\\/\\\/www.youtube.com\\\/channel\\\/UCgIl0xm1ANwajVkfCFvZr0w\"]}]}<\/script>","yoast_head_json":{"title":"Rejoignez-nous - Vallourec","robots":{"index":"index","follow":"follow","max-snippet":"max-snippet:-1","max-image-preview":"max-image-preview:large","max-video-preview":"max-video-preview:-1"},"canonical":"https:\/\/www.vallourec.com\/fr\/talent-room\/rejoignez-nous\/","og_locale":"fr_FR","og_type":"article","og_title":"Rejoignez-nous - Vallourec","og_url":"https:\/\/www.vallourec.com\/fr\/talent-room\/rejoignez-nous\/","og_site_name":"Vallourec","article_publisher":"https:\/\/fr-fr.facebook.com\/Vallourec\/","article_modified_time":"2024-01-03T15:26:49+00:00","twitter_card":"summary_large_image","twitter_site":"@Vallourec","twitter_misc":{"Dur\u00e9e de lecture estim\u00e9e":"2 minutes"},"schema":{"@context":"https:\/\/schema.org","@graph":[{"@type":"WebPage","@id":"https:\/\/www.vallourec.com\/fr\/talent-room\/rejoignez-nous\/","url":"https:\/\/www.vallourec.com\/fr\/talent-room\/rejoignez-nous\/","name":"Rejoignez-nous - Vallourec","isPartOf":{"@id":"https:\/\/www.vallourec.com\/fr\/#website"},"datePublished":"2023-09-01T14:37:12+00:00","dateModified":"2024-01-03T15:26:49+00:00","breadcrumb":{"@id":"https:\/\/www.vallourec.com\/fr\/talent-room\/rejoignez-nous\/#breadcrumb"},"inLanguage":"fr-FR","potentialAction":[{"@type":"ReadAction","target":["https:\/\/www.vallourec.com\/fr\/talent-room\/rejoignez-nous\/"]}]},{"@type":"BreadcrumbList","@id":"https:\/\/www.vallourec.com\/fr\/talent-room\/rejoignez-nous\/#breadcrumb","itemListElement":[{"@type":"ListItem","position":1,"name":"Carri\u00e8res","item":"https:\/\/www.vallourec.com\/fr\/talent-room\/"},{"@type":"ListItem","position":2,"name":"Rejoignez-nous"}]},{"@type":"WebSite","@id":"https:\/\/www.vallourec.com\/fr\/#website","url":"https:\/\/www.vallourec.com\/fr\/","name":"Vallourec","description":"","publisher":{"@id":"https:\/\/www.vallourec.com\/fr\/#organization"},"potentialAction":[{"@type":"SearchAction","target":{"@type":"EntryPoint","urlTemplate":"https:\/\/www.vallourec.com\/fr\/?s={search_term_string}"},"query-input":{"@type":"PropertyValueSpecification","valueRequired":true,"valueName":"search_term_string"}}],"inLanguage":"fr-FR"},{"@type":"Organization","@id":"https:\/\/www.vallourec.com\/fr\/#organization","name":"Vallourec","url":"https:\/\/www.vallourec.com\/fr\/","logo":{"@type":"ImageObject","inLanguage":"fr-FR","@id":"https:\/\/www.vallourec.com\/fr\/#\/schema\/logo\/image\/","url":"https:\/\/www.vallourec.com\/app\/uploads\/2024\/11\/vallourec_logo.jpg","contentUrl":"https:\/\/www.vallourec.com\/app\/uploads\/2024\/11\/vallourec_logo.jpg","width":662,"height":500,"caption":"Vallourec"},"image":{"@id":"https:\/\/www.vallourec.com\/fr\/#\/schema\/logo\/image\/"},"sameAs":["https:\/\/fr-fr.facebook.com\/Vallourec\/","https:\/\/x.com\/Vallourec","https:\/\/www.instagram.com\/vallourec\/","https:\/\/fr.linkedin.com\/company\/vallourec","https:\/\/www.youtube.com\/channel\/UCgIl0xm1ANwajVkfCFvZr0w"]}]}},"_links":{"self":[{"href":"https:\/\/www.vallourec.com\/fr\/wp-json\/wp\/v2\/pages\/3573","targetHints":{"allow":["GET"]}}],"collection":[{"href":"https:\/\/www.vallourec.com\/fr\/wp-json\/wp\/v2\/pages"}],"about":[{"href":"https:\/\/www.vallourec.com\/fr\/wp-json\/wp\/v2\/types\/page"}],"author":[{"embeddable":true,"href":"https:\/\/www.vallourec.com\/fr\/wp-json\/wp\/v2\/users\/4"}],"replies":[{"embeddable":true,"href":"https:\/\/www.vallourec.com\/fr\/wp-json\/wp\/v2\/comments?post=3573"}],"version-history":[{"count":14,"href":"https:\/\/www.vallourec.com\/fr\/wp-json\/wp\/v2\/pages\/3573\/revisions"}],"predecessor-version":[{"id":12622,"href":"https:\/\/www.vallourec.com\/fr\/wp-json\/wp\/v2\/pages\/3573\/revisions\/12622"}],"up":[{"embeddable":true,"href":"https:\/\/www.vallourec.com\/fr\/wp-json\/wp\/v2\/pages\/18339"}],"wp:attachment":[{"href":"https:\/\/www.vallourec.com\/fr\/wp-json\/wp\/v2\/media?parent=3573"}],"curies":[{"name":"wp","href":"https:\/\/api.w.org\/{rel}","templated":true}]}}