{"id":3551,"date":"2023-09-21T14:26:55","date_gmt":"2023-09-21T12:26:55","guid":{"rendered":"https:\/\/www.vallourec.com\/investisseurs\/financial-information\/"},"modified":"2024-10-18T16:25:00","modified_gmt":"2024-10-18T14:25:00","slug":"informations-financieres","status":"publish","type":"page","link":"https:\/\/www.vallourec.com\/fr\/investisseurs\/informations-financieres\/","title":{"rendered":"Informations financi\u00e8res"},"content":{"rendered":"\t\t<div data-elementor-type=\"wp-page\" data-elementor-id=\"3551\" class=\"elementor elementor-3551 elementor-3097\">\n\t\t\t\t\t\t<section class=\"elementor-section elementor-top-section elementor-element elementor-element-7f87391 elementor-section-boxed elementor-section-height-default elementor-section-height-default\" data-id=\"7f87391\" data-element_type=\"section\" data-e-type=\"section\">\n\t\t\t\t\t\t<div class=\"elementor-container elementor-column-gap-default\">\n\t\t\t\t\t<div class=\"elementor-column elementor-col-100 elementor-top-column elementor-element elementor-element-260182d\" data-id=\"260182d\" data-element_type=\"column\" data-e-type=\"column\">\n\t\t\t<div class=\"elementor-widget-wrap elementor-element-populated\">\n\t\t\t\t\t\t<div class=\"elementor-element elementor-element-7423d54 elementor-widget elementor-widget-get_more\" data-id=\"7423d54\" data-element_type=\"widget\" data-e-type=\"widget\" data-widget_type=\"get_more.default\">\n\t\t\t\t<div class=\"elementor-widget-container\">\n\t\t\t\t\t<div class=\"container  mx-auto\">\n  <div class=\"relative\" id=\"getMored22569908d\">\n    <div class=\"relative grid grid-cols-1 gap-1 sm:grid-cols-2 sm:gap-2 md:grid-cols-3 md:gap-3 mt-4 get-more-carousel\">\n  <div>\n    <div class=\"flex flex-col\">\n  <div class=\"relative\">\n        <div class=\"absolute bottom-[25px] top-[20px] border-grey-100 border-solid border left-[5px] right-[20px] bg-white rounded-lg shadow shadow-3\"><\/div>\n    <a class=\"relative h-[250px] overflow-hidden flex items-center justify-center rounded-lg ml-[20px] mb-[40px]\" href=\"\/fr\/investisseurs\/informations-financieres\/rapports-financiers\/\" target=\"_self\">\n      <div class=\"absolute inset-0\">\n        <picture class=\"absolute h-full w-full flex justify-center rounded-lg overflow-hidden\">\n          <source srcset=\"https:\/\/www.vallourec.com\/app\/uploads\/2023\/09\/vallourec-shares-dividends-1.png\" media=\"(max-width: 768px)\">\n          <img decoding=\"async\" src=\"https:\/\/www.vallourec.com\/app\/uploads\/2023\/09\/vallourec-shares-dividends-1.png\" alt=\"\" loading=\"lazy\" class=\"w-auto h-auto object-cover select-none pointer-events-none\">\n        <\/picture>\n        <div class=\"absolute inset-0 bg-gradient-to-t\tfrom-blue-secondary-900 to-blue-primary-brand opacity-60\"><\/div>\n        <div class=\"absolute bottom-[28px] left-[26px]\">\n          <p class=\"font-bold text-white text-xl mb-[0.5rem]\"> Rapports financiers<\/p>\n                    <button class=\"btn btn-small btn-secondary-d\">En savoir plus<\/button>\n        <\/div>\n      <\/div>\n    <\/a>\n      <\/div>\n<\/div>\n  <\/div>\n  <div>\n    <div class=\"flex flex-col\">\n  <div class=\"relative\">\n        <div class=\"absolute bottom-[25px] top-[20px] border-grey-100 border-solid border left-[5px] right-[20px] bg-white rounded-lg shadow shadow-3\"><\/div>\n    <a class=\"relative h-[250px] overflow-hidden flex items-center justify-center rounded-lg ml-[20px] mb-[40px]\" href=\"\/fr\/investisseurs\/informations-financieres\/resultats-financiers\/\" target=\"_self\">\n      <div class=\"absolute inset-0\">\n        <picture class=\"absolute h-full w-full flex justify-center rounded-lg overflow-hidden\">\n          <source srcset=\"https:\/\/www.vallourec.com\/app\/uploads\/2023\/09\/vallourec-documents-1.png\" media=\"(max-width: 768px)\">\n          <img decoding=\"async\" src=\"https:\/\/www.vallourec.com\/app\/uploads\/2023\/09\/vallourec-documents-1.png\" alt=\"\" loading=\"lazy\" class=\"w-auto h-auto object-cover select-none pointer-events-none\">\n        <\/picture>\n        <div class=\"absolute inset-0 bg-gradient-to-t\tfrom-blue-secondary-900 to-blue-primary-brand opacity-60\"><\/div>\n        <div class=\"absolute bottom-[28px] left-[26px]\">\n          <p class=\"font-bold text-white text-xl mb-[0.5rem]\">R\u00e9sultats<\/p>\n                    <button class=\"btn btn-small btn-secondary-d\">En savoir plus<\/button>\n        <\/div>\n      <\/div>\n    <\/a>\n      <\/div>\n<\/div>\n  <\/div>\n  <div>\n    <div class=\"flex flex-col\">\n  <div class=\"relative\">\n        <div class=\"absolute bottom-[25px] top-[20px] border-grey-100 border-solid border left-[5px] right-[20px] bg-white rounded-lg shadow shadow-3\"><\/div>\n    <a class=\"relative h-[250px] overflow-hidden flex items-center justify-center rounded-lg ml-[20px] mb-[40px]\" href=\"https:\/\/www.vallourec.com\/fr\/investisseurs\/informations-financieres\/financement-du-groupe\/\" target=\"_self\">\n      <div class=\"absolute inset-0\">\n        <picture class=\"absolute h-full w-full flex justify-center rounded-lg overflow-hidden\">\n          <source srcset=\"https:\/\/www.vallourec.com\/app\/uploads\/2023\/09\/governance-push.jpg\" media=\"(max-width: 768px)\">\n          <img decoding=\"async\" src=\"https:\/\/www.vallourec.com\/app\/uploads\/2023\/09\/governance-push.jpg\" alt=\"\" loading=\"lazy\" class=\"w-auto h-auto object-cover select-none pointer-events-none\">\n        <\/picture>\n        <div class=\"absolute inset-0 bg-gradient-to-t\tfrom-blue-secondary-900 to-blue-primary-brand opacity-60\"><\/div>\n        <div class=\"absolute bottom-[28px] left-[26px]\">\n          <p class=\"font-bold text-white text-xl mb-[0.5rem]\">Financement du Groupe<\/p>\n                    <button class=\"btn btn-small btn-secondary-d\">En savoir plus<\/button>\n        <\/div>\n      <\/div>\n    <\/a>\n      <\/div>\n<\/div>\n  <\/div>\n  <div>\n    <div class=\"flex flex-col\">\n  <div class=\"relative\">\n        <div class=\"absolute bottom-[25px] top-[20px] border-grey-100 border-solid border left-[5px] right-[20px] bg-white rounded-lg shadow shadow-3\"><\/div>\n    <a class=\"relative h-[250px] overflow-hidden flex items-center justify-center rounded-lg ml-[20px] mb-[40px]\" href=\"https:\/\/www.vallourec.com\/fr\/investisseurs\/informations-financieres\/other-financial-information\/\" target=\"_self\">\n      <div class=\"absolute inset-0\">\n        <picture class=\"absolute h-full w-full flex justify-center rounded-lg overflow-hidden\">\n          <source srcset=\"https:\/\/www.vallourec.com\/app\/uploads\/2023\/09\/Image_HeaderTubes.jpg\" media=\"(max-width: 768px)\">\n          <img decoding=\"async\" src=\"https:\/\/www.vallourec.com\/app\/uploads\/2023\/09\/Image_HeaderTubes.jpg\" alt=\"\" loading=\"lazy\" class=\"w-auto h-auto object-cover select-none pointer-events-none\">\n        <\/picture>\n        <div class=\"absolute inset-0 bg-gradient-to-t\tfrom-blue-secondary-900 to-blue-primary-brand opacity-60\"><\/div>\n        <div class=\"absolute bottom-[28px] left-[26px]\">\n          <p class=\"font-bold text-white text-xl mb-[0.5rem]\">Autres Informations Financi\u00e8res<\/p>\n                      <p class=\"text-white text-small pr-[0.5rem] mb-[0.5rem]\">Augmentation de Capital et Restructuration financi\u00e8re\n\n<\/p>\n                    <button class=\"btn btn-small btn-secondary-d\">Voir les publications<\/button>\n        <\/div>\n      <\/div>\n    <\/a>\n      <\/div>\n<\/div>\n  <\/div>\n<\/div>\n  <\/div>\n<\/div>\n\n\t\t\t\t<\/div>\n\t\t\t\t<\/div>\n\t\t\t\t\t<\/div>\n\t\t<\/div>\n\t\t\t\t\t<\/div>\n\t\t<\/section>\n\t\t\t\t<\/div>\n\t\t","protected":false},"excerpt":{"rendered":"","protected":false},"author":1,"featured_media":0,"parent":3546,"menu_order":0,"comment_status":"closed","ping_status":"closed","template":"","meta":{"_acf_changed":false,"footnotes":""},"class_list":["post-3551","page","type-page","status-publish","hentry"],"acf":[],"yoast_head":"<title>Informations financi\u00e8res - Vallourec<\/title>\n<meta name=\"description\" content=\"Retrouvez nos rapports financiers, r\u00e9sultats et autres informations financi\u00e8res (augmentation de capital, restructuration financi\u00e8re...)\" \/>\n<meta name=\"robots\" content=\"index, follow, max-snippet:-1, max-image-preview:large, max-video-preview:-1\" \/>\n<link rel=\"canonical\" href=\"https:\/\/www.vallourec.com\/fr\/investisseurs\/informations-financieres\/\" \/>\n<meta property=\"og:locale\" content=\"fr_FR\" \/>\n<meta property=\"og:type\" content=\"article\" \/>\n<meta property=\"og:title\" content=\"Informations financi\u00e8res - Vallourec\" \/>\n<meta property=\"og:description\" content=\"Retrouvez nos rapports financiers, r\u00e9sultats et autres informations financi\u00e8res (augmentation de capital, restructuration financi\u00e8re...)\" \/>\n<meta property=\"og:url\" content=\"https:\/\/www.vallourec.com\/fr\/investisseurs\/informations-financieres\/\" \/>\n<meta property=\"og:site_name\" content=\"Vallourec\" \/>\n<meta property=\"article:publisher\" content=\"https:\/\/fr-fr.facebook.com\/Vallourec\/\" \/>\n<meta property=\"article:modified_time\" content=\"2024-10-18T14:25:00+00:00\" \/>\n<meta name=\"twitter:card\" content=\"summary_large_image\" \/>\n<meta name=\"twitter:site\" content=\"@Vallourec\" \/>\n<meta name=\"twitter:label1\" content=\"Dur\u00e9e de lecture estim\u00e9e\" \/>\n\t<meta name=\"twitter:data1\" content=\"1 minute\" \/>\n<script type=\"application\/ld+json\" class=\"yoast-schema-graph\">{\"@context\":\"https:\\\/\\\/schema.org\",\"@graph\":[{\"@type\":\"WebPage\",\"@id\":\"https:\\\/\\\/www.vallourec.com\\\/fr\\\/investisseurs\\\/informations-financieres\\\/\",\"url\":\"https:\\\/\\\/www.vallourec.com\\\/fr\\\/investisseurs\\\/informations-financieres\\\/\",\"name\":\"Informations financi\u00e8res - Vallourec\",\"isPartOf\":{\"@id\":\"https:\\\/\\\/www.vallourec.com\\\/fr\\\/#website\"},\"datePublished\":\"2023-09-21T12:26:55+00:00\",\"dateModified\":\"2024-10-18T14:25:00+00:00\",\"description\":\"Retrouvez nos rapports financiers, r\u00e9sultats et autres informations financi\u00e8res (augmentation de capital, restructuration financi\u00e8re...)\",\"breadcrumb\":{\"@id\":\"https:\\\/\\\/www.vallourec.com\\\/fr\\\/investisseurs\\\/informations-financieres\\\/#breadcrumb\"},\"inLanguage\":\"fr-FR\",\"potentialAction\":[{\"@type\":\"ReadAction\",\"target\":[\"https:\\\/\\\/www.vallourec.com\\\/fr\\\/investisseurs\\\/informations-financieres\\\/\"]}]},{\"@type\":\"BreadcrumbList\",\"@id\":\"https:\\\/\\\/www.vallourec.com\\\/fr\\\/investisseurs\\\/informations-financieres\\\/#breadcrumb\",\"itemListElement\":[{\"@type\":\"ListItem\",\"position\":1,\"name\":\"Investisseurs\",\"item\":\"https:\\\/\\\/www.vallourec.com\\\/fr\\\/investisseurs\\\/\"},{\"@type\":\"ListItem\",\"position\":2,\"name\":\"Informations financi\u00e8res\"}]},{\"@type\":\"WebSite\",\"@id\":\"https:\\\/\\\/www.vallourec.com\\\/fr\\\/#website\",\"url\":\"https:\\\/\\\/www.vallourec.com\\\/fr\\\/\",\"name\":\"Vallourec\",\"description\":\"\",\"publisher\":{\"@id\":\"https:\\\/\\\/www.vallourec.com\\\/fr\\\/#organization\"},\"potentialAction\":[{\"@type\":\"SearchAction\",\"target\":{\"@type\":\"EntryPoint\",\"urlTemplate\":\"https:\\\/\\\/www.vallourec.com\\\/fr\\\/?s={search_term_string}\"},\"query-input\":{\"@type\":\"PropertyValueSpecification\",\"valueRequired\":true,\"valueName\":\"search_term_string\"}}],\"inLanguage\":\"fr-FR\"},{\"@type\":\"Organization\",\"@id\":\"https:\\\/\\\/www.vallourec.com\\\/fr\\\/#organization\",\"name\":\"Vallourec\",\"url\":\"https:\\\/\\\/www.vallourec.com\\\/fr\\\/\",\"logo\":{\"@type\":\"ImageObject\",\"inLanguage\":\"fr-FR\",\"@id\":\"https:\\\/\\\/www.vallourec.com\\\/fr\\\/#\\\/schema\\\/logo\\\/image\\\/\",\"url\":\"https:\\\/\\\/www.vallourec.com\\\/app\\\/uploads\\\/2024\\\/11\\\/vallourec_logo.jpg\",\"contentUrl\":\"https:\\\/\\\/www.vallourec.com\\\/app\\\/uploads\\\/2024\\\/11\\\/vallourec_logo.jpg\",\"width\":662,\"height\":500,\"caption\":\"Vallourec\"},\"image\":{\"@id\":\"https:\\\/\\\/www.vallourec.com\\\/fr\\\/#\\\/schema\\\/logo\\\/image\\\/\"},\"sameAs\":[\"https:\\\/\\\/fr-fr.facebook.com\\\/Vallourec\\\/\",\"https:\\\/\\\/x.com\\\/Vallourec\",\"https:\\\/\\\/www.instagram.com\\\/vallourec\\\/\",\"https:\\\/\\\/fr.linkedin.com\\\/company\\\/vallourec\",\"https:\\\/\\\/www.youtube.com\\\/channel\\\/UCgIl0xm1ANwajVkfCFvZr0w\"]}]}<\/script>","yoast_head_json":{"title":"Informations financi\u00e8res - Vallourec","description":"Retrouvez nos rapports financiers, r\u00e9sultats et autres informations financi\u00e8res (augmentation de capital, restructuration financi\u00e8re...)","robots":{"index":"index","follow":"follow","max-snippet":"max-snippet:-1","max-image-preview":"max-image-preview:large","max-video-preview":"max-video-preview:-1"},"canonical":"https:\/\/www.vallourec.com\/fr\/investisseurs\/informations-financieres\/","og_locale":"fr_FR","og_type":"article","og_title":"Informations financi\u00e8res - Vallourec","og_description":"Retrouvez nos rapports financiers, r\u00e9sultats et autres informations financi\u00e8res (augmentation de capital, restructuration financi\u00e8re...)","og_url":"https:\/\/www.vallourec.com\/fr\/investisseurs\/informations-financieres\/","og_site_name":"Vallourec","article_publisher":"https:\/\/fr-fr.facebook.com\/Vallourec\/","article_modified_time":"2024-10-18T14:25:00+00:00","twitter_card":"summary_large_image","twitter_site":"@Vallourec","twitter_misc":{"Dur\u00e9e de lecture estim\u00e9e":"1 minute"},"schema":{"@context":"https:\/\/schema.org","@graph":[{"@type":"WebPage","@id":"https:\/\/www.vallourec.com\/fr\/investisseurs\/informations-financieres\/","url":"https:\/\/www.vallourec.com\/fr\/investisseurs\/informations-financieres\/","name":"Informations financi\u00e8res - Vallourec","isPartOf":{"@id":"https:\/\/www.vallourec.com\/fr\/#website"},"datePublished":"2023-09-21T12:26:55+00:00","dateModified":"2024-10-18T14:25:00+00:00","description":"Retrouvez nos rapports financiers, r\u00e9sultats et autres informations financi\u00e8res (augmentation de capital, restructuration financi\u00e8re...)","breadcrumb":{"@id":"https:\/\/www.vallourec.com\/fr\/investisseurs\/informations-financieres\/#breadcrumb"},"inLanguage":"fr-FR","potentialAction":[{"@type":"ReadAction","target":["https:\/\/www.vallourec.com\/fr\/investisseurs\/informations-financieres\/"]}]},{"@type":"BreadcrumbList","@id":"https:\/\/www.vallourec.com\/fr\/investisseurs\/informations-financieres\/#breadcrumb","itemListElement":[{"@type":"ListItem","position":1,"name":"Investisseurs","item":"https:\/\/www.vallourec.com\/fr\/investisseurs\/"},{"@type":"ListItem","position":2,"name":"Informations financi\u00e8res"}]},{"@type":"WebSite","@id":"https:\/\/www.vallourec.com\/fr\/#website","url":"https:\/\/www.vallourec.com\/fr\/","name":"Vallourec","description":"","publisher":{"@id":"https:\/\/www.vallourec.com\/fr\/#organization"},"potentialAction":[{"@type":"SearchAction","target":{"@type":"EntryPoint","urlTemplate":"https:\/\/www.vallourec.com\/fr\/?s={search_term_string}"},"query-input":{"@type":"PropertyValueSpecification","valueRequired":true,"valueName":"search_term_string"}}],"inLanguage":"fr-FR"},{"@type":"Organization","@id":"https:\/\/www.vallourec.com\/fr\/#organization","name":"Vallourec","url":"https:\/\/www.vallourec.com\/fr\/","logo":{"@type":"ImageObject","inLanguage":"fr-FR","@id":"https:\/\/www.vallourec.com\/fr\/#\/schema\/logo\/image\/","url":"https:\/\/www.vallourec.com\/app\/uploads\/2024\/11\/vallourec_logo.jpg","contentUrl":"https:\/\/www.vallourec.com\/app\/uploads\/2024\/11\/vallourec_logo.jpg","width":662,"height":500,"caption":"Vallourec"},"image":{"@id":"https:\/\/www.vallourec.com\/fr\/#\/schema\/logo\/image\/"},"sameAs":["https:\/\/fr-fr.facebook.com\/Vallourec\/","https:\/\/x.com\/Vallourec","https:\/\/www.instagram.com\/vallourec\/","https:\/\/fr.linkedin.com\/company\/vallourec","https:\/\/www.youtube.com\/channel\/UCgIl0xm1ANwajVkfCFvZr0w"]}]}},"_links":{"self":[{"href":"https:\/\/www.vallourec.com\/fr\/wp-json\/wp\/v2\/pages\/3551","targetHints":{"allow":["GET"]}}],"collection":[{"href":"https:\/\/www.vallourec.com\/fr\/wp-json\/wp\/v2\/pages"}],"about":[{"href":"https:\/\/www.vallourec.com\/fr\/wp-json\/wp\/v2\/types\/page"}],"author":[{"embeddable":true,"href":"https:\/\/www.vallourec.com\/fr\/wp-json\/wp\/v2\/users\/1"}],"replies":[{"embeddable":true,"href":"https:\/\/www.vallourec.com\/fr\/wp-json\/wp\/v2\/comments?post=3551"}],"version-history":[{"count":54,"href":"https:\/\/www.vallourec.com\/fr\/wp-json\/wp\/v2\/pages\/3551\/revisions"}],"predecessor-version":[{"id":12253,"href":"https:\/\/www.vallourec.com\/fr\/wp-json\/wp\/v2\/pages\/3551\/revisions\/12253"}],"up":[{"embeddable":true,"href":"https:\/\/www.vallourec.com\/fr\/wp-json\/wp\/v2\/pages\/3546"}],"wp:attachment":[{"href":"https:\/\/www.vallourec.com\/fr\/wp-json\/wp\/v2\/media?parent=3551"}],"curies":[{"name":"wp","href":"https:\/\/api.w.org\/{rel}","templated":true}]}}