{"id":3312,"date":"2023-09-22T15:48:29","date_gmt":"2023-09-22T13:48:29","guid":{"rendered":"https:\/\/www.vallourec.com\/?page_id=3312"},"modified":"2025-12-17T10:38:44","modified_gmt":"2025-12-17T09:38:44","slug":"mentions-legales","status":"publish","type":"page","link":"https:\/\/www.vallourec.com\/fr\/mentions-legales\/","title":{"rendered":"Mentions l\u00e9gales &#8211; Vallourec"},"content":{"rendered":"\t\t<div data-elementor-type=\"wp-page\" data-elementor-id=\"3312\" class=\"elementor elementor-3312 elementor-3311\">\n\t\t\t\t\t\t<section class=\"elementor-section elementor-top-section elementor-element elementor-element-2fca0ae elementor-section-boxed elementor-section-height-default elementor-section-height-default\" data-id=\"2fca0ae\" data-element_type=\"section\" data-e-type=\"section\">\n\t\t\t\t\t\t<div class=\"elementor-container elementor-column-gap-default\">\n\t\t\t\t\t<div class=\"elementor-column elementor-col-100 elementor-top-column elementor-element elementor-element-1a4f8c4\" data-id=\"1a4f8c4\" data-element_type=\"column\" data-e-type=\"column\">\n\t\t\t<div class=\"elementor-widget-wrap elementor-element-populated\">\n\t\t\t\t\t\t<div class=\"elementor-element elementor-element-ba84fa0 elementor-widget__width-initial elementor-widget elementor-widget-text-editor\" data-id=\"ba84fa0\" data-element_type=\"widget\" data-e-type=\"widget\" data-widget_type=\"text-editor.default\">\n\t\t\t\t\t\t\t\t\t<p>\u00a0<\/p><p>\u00a0<\/p><h2>Description du site<\/h2><p>Le site a principalement pour vocation de vous fournir des informations institutionnelles sur le groupe Vallourec. Ce site permet \u00e9galement \u00e0 la soci\u00e9t\u00e9 Vallourec de vous pr\u00e9senter ses activit\u00e9s et le cas \u00e9ch\u00e9ant d\u2019autres activit\u00e9s du groupe Vallourec. Les donn\u00e9es disponibles sur le site sont communiqu\u00e9es \u00e0 titre de simples informations g\u00e9n\u00e9rales. Aucune garantie n\u2019est donn\u00e9e quant \u00e0 l\u2019exactitude, l\u2019exhaustivit\u00e9 ou l\u2019utilit\u00e9 de ces informations.<\/p><h2>\u00c9diteur<\/h2><p>Le site est la propri\u00e9t\u00e9 de l&rsquo;\u00e9diteur Vallourec, soci\u00e9t\u00e9 anonyme \u00e0 Conseil d&rsquo;administration, au capital de 4 768 147,86 euros, enregistr\u00e9e au Registre du Commerce et de Soci\u00e9t\u00e9s de Nanterre sous le num\u00e9ro 552 142 200, Siret 522 142 200 00773, dont le si\u00e8ge social est situ\u00e9 : 12 rue de la Verrerie &#8211; 92190 Meudon, France.<\/p><p>Num\u00e9ro de TVA intracommunautaire : FR 01 552 142 200<\/p><p>Pour toute information, vous pouvez nous contacter via les coordonn\u00e9es indiqu\u00e9es ci-dessous :<br \/>T\u00e9l\u00e9phone : +33 1 49 09 35 00<br \/>Email: communications@vallourec.com<br \/>Directeur de la publication : Monsieur Philippe GUILLEMOT, Pr\u00e9sident<br \/>Responsable de la publication : Monsieur Damien Rebourg, Directeur de la Communication.<\/p><h2>H\u00e9bergeur<\/h2><p>AWS<\/p><p>Amazon CS Ireland Ltd<\/p><p>Adresse : Unit 27 \u2013 6400 Cork Airport Business Park \u2013 Kinsale Road \u2013 Ireland<\/p><p>Tel : (206) 266-4064<\/p><p>Fax : (206) 266-7010<\/p><p>D\u00e9veloppement effectu\u00e9 par la soci\u00e9t\u00e9 Nextoo<br \/>15, boulevard du G\u00e9n\u00e9ral Leclerc,<br \/>59100 Roubaix\u00a0<\/p><p>Afin d&rsquo;avoir plus d&rsquo;informations sur la protection et le traitement de vos donn\u00e9es personnelles ainsi que sur les cookies, nous vous invitons \u00e0 consulter notre page \u00ab\u00a0Politique de confidentialit\u00e9 et cookies\u00a0\u00bb au bas de chaque page du site.<\/p>\t\t\t\t\t\t\t\t<\/div>\n\t\t\t\t\t<\/div>\n\t\t<\/div>\n\t\t\t\t\t<\/div>\n\t\t<\/section>\n\t\t\t\t<\/div>\n\t\t","protected":false},"excerpt":{"rendered":"","protected":false},"author":1,"featured_media":0,"parent":0,"menu_order":0,"comment_status":"closed","ping_status":"closed","template":"","meta":{"_acf_changed":false,"footnotes":""},"class_list":["post-3312","page","type-page","status-publish","hentry"],"acf":[],"yoast_head":"<title>Mentions l\u00e9gales - Vallourec - Vallourec<\/title>\n<meta name=\"robots\" content=\"noindex, follow\" \/>\n<meta property=\"og:locale\" content=\"fr_FR\" \/>\n<meta property=\"og:type\" content=\"article\" \/>\n<meta property=\"og:title\" content=\"Mentions l\u00e9gales - Vallourec - Vallourec\" \/>\n<meta property=\"og:url\" content=\"https:\/\/www.vallourec.com\/fr\/mentions-legales\/\" \/>\n<meta property=\"og:site_name\" content=\"Vallourec\" \/>\n<meta property=\"article:publisher\" content=\"https:\/\/fr-fr.facebook.com\/Vallourec\/\" \/>\n<meta property=\"article:modified_time\" content=\"2025-12-17T09:38:44+00:00\" \/>\n<meta name=\"twitter:card\" content=\"summary_large_image\" \/>\n<meta name=\"twitter:site\" content=\"@Vallourec\" \/>\n<meta name=\"twitter:label1\" content=\"Dur\u00e9e de lecture estim\u00e9e\" \/>\n\t<meta name=\"twitter:data1\" content=\"2 minutes\" \/>\n<script type=\"application\/ld+json\" class=\"yoast-schema-graph\">{\"@context\":\"https:\\\/\\\/schema.org\",\"@graph\":[{\"@type\":\"WebPage\",\"@id\":\"https:\\\/\\\/www.vallourec.com\\\/fr\\\/mentions-legales\\\/\",\"url\":\"https:\\\/\\\/www.vallourec.com\\\/fr\\\/mentions-legales\\\/\",\"name\":\"Mentions l\u00e9gales - Vallourec - Vallourec\",\"isPartOf\":{\"@id\":\"https:\\\/\\\/www.vallourec.com\\\/fr\\\/#website\"},\"datePublished\":\"2023-09-22T13:48:29+00:00\",\"dateModified\":\"2025-12-17T09:38:44+00:00\",\"inLanguage\":\"fr-FR\",\"potentialAction\":[{\"@type\":\"ReadAction\",\"target\":[\"https:\\\/\\\/www.vallourec.com\\\/fr\\\/mentions-legales\\\/\"]}]},{\"@type\":\"WebSite\",\"@id\":\"https:\\\/\\\/www.vallourec.com\\\/fr\\\/#website\",\"url\":\"https:\\\/\\\/www.vallourec.com\\\/fr\\\/\",\"name\":\"Vallourec\",\"description\":\"\",\"publisher\":{\"@id\":\"https:\\\/\\\/www.vallourec.com\\\/fr\\\/#organization\"},\"potentialAction\":[{\"@type\":\"SearchAction\",\"target\":{\"@type\":\"EntryPoint\",\"urlTemplate\":\"https:\\\/\\\/www.vallourec.com\\\/fr\\\/?s={search_term_string}\"},\"query-input\":{\"@type\":\"PropertyValueSpecification\",\"valueRequired\":true,\"valueName\":\"search_term_string\"}}],\"inLanguage\":\"fr-FR\"},{\"@type\":\"Organization\",\"@id\":\"https:\\\/\\\/www.vallourec.com\\\/fr\\\/#organization\",\"name\":\"Vallourec\",\"url\":\"https:\\\/\\\/www.vallourec.com\\\/fr\\\/\",\"logo\":{\"@type\":\"ImageObject\",\"inLanguage\":\"fr-FR\",\"@id\":\"https:\\\/\\\/www.vallourec.com\\\/fr\\\/#\\\/schema\\\/logo\\\/image\\\/\",\"url\":\"https:\\\/\\\/www.vallourec.com\\\/app\\\/uploads\\\/2024\\\/11\\\/vallourec_logo.jpg\",\"contentUrl\":\"https:\\\/\\\/www.vallourec.com\\\/app\\\/uploads\\\/2024\\\/11\\\/vallourec_logo.jpg\",\"width\":662,\"height\":500,\"caption\":\"Vallourec\"},\"image\":{\"@id\":\"https:\\\/\\\/www.vallourec.com\\\/fr\\\/#\\\/schema\\\/logo\\\/image\\\/\"},\"sameAs\":[\"https:\\\/\\\/fr-fr.facebook.com\\\/Vallourec\\\/\",\"https:\\\/\\\/x.com\\\/Vallourec\",\"https:\\\/\\\/www.instagram.com\\\/vallourec\\\/\",\"https:\\\/\\\/fr.linkedin.com\\\/company\\\/vallourec\",\"https:\\\/\\\/www.youtube.com\\\/channel\\\/UCgIl0xm1ANwajVkfCFvZr0w\"]}]}<\/script>","yoast_head_json":{"title":"Mentions l\u00e9gales - Vallourec - Vallourec","robots":{"index":"noindex","follow":"follow"},"og_locale":"fr_FR","og_type":"article","og_title":"Mentions l\u00e9gales - Vallourec - Vallourec","og_url":"https:\/\/www.vallourec.com\/fr\/mentions-legales\/","og_site_name":"Vallourec","article_publisher":"https:\/\/fr-fr.facebook.com\/Vallourec\/","article_modified_time":"2025-12-17T09:38:44+00:00","twitter_card":"summary_large_image","twitter_site":"@Vallourec","twitter_misc":{"Dur\u00e9e de lecture estim\u00e9e":"2 minutes"},"schema":{"@context":"https:\/\/schema.org","@graph":[{"@type":"WebPage","@id":"https:\/\/www.vallourec.com\/fr\/mentions-legales\/","url":"https:\/\/www.vallourec.com\/fr\/mentions-legales\/","name":"Mentions l\u00e9gales - Vallourec - Vallourec","isPartOf":{"@id":"https:\/\/www.vallourec.com\/fr\/#website"},"datePublished":"2023-09-22T13:48:29+00:00","dateModified":"2025-12-17T09:38:44+00:00","inLanguage":"fr-FR","potentialAction":[{"@type":"ReadAction","target":["https:\/\/www.vallourec.com\/fr\/mentions-legales\/"]}]},{"@type":"WebSite","@id":"https:\/\/www.vallourec.com\/fr\/#website","url":"https:\/\/www.vallourec.com\/fr\/","name":"Vallourec","description":"","publisher":{"@id":"https:\/\/www.vallourec.com\/fr\/#organization"},"potentialAction":[{"@type":"SearchAction","target":{"@type":"EntryPoint","urlTemplate":"https:\/\/www.vallourec.com\/fr\/?s={search_term_string}"},"query-input":{"@type":"PropertyValueSpecification","valueRequired":true,"valueName":"search_term_string"}}],"inLanguage":"fr-FR"},{"@type":"Organization","@id":"https:\/\/www.vallourec.com\/fr\/#organization","name":"Vallourec","url":"https:\/\/www.vallourec.com\/fr\/","logo":{"@type":"ImageObject","inLanguage":"fr-FR","@id":"https:\/\/www.vallourec.com\/fr\/#\/schema\/logo\/image\/","url":"https:\/\/www.vallourec.com\/app\/uploads\/2024\/11\/vallourec_logo.jpg","contentUrl":"https:\/\/www.vallourec.com\/app\/uploads\/2024\/11\/vallourec_logo.jpg","width":662,"height":500,"caption":"Vallourec"},"image":{"@id":"https:\/\/www.vallourec.com\/fr\/#\/schema\/logo\/image\/"},"sameAs":["https:\/\/fr-fr.facebook.com\/Vallourec\/","https:\/\/x.com\/Vallourec","https:\/\/www.instagram.com\/vallourec\/","https:\/\/fr.linkedin.com\/company\/vallourec","https:\/\/www.youtube.com\/channel\/UCgIl0xm1ANwajVkfCFvZr0w"]}]}},"_links":{"self":[{"href":"https:\/\/www.vallourec.com\/fr\/wp-json\/wp\/v2\/pages\/3312","targetHints":{"allow":["GET"]}}],"collection":[{"href":"https:\/\/www.vallourec.com\/fr\/wp-json\/wp\/v2\/pages"}],"about":[{"href":"https:\/\/www.vallourec.com\/fr\/wp-json\/wp\/v2\/types\/page"}],"author":[{"embeddable":true,"href":"https:\/\/www.vallourec.com\/fr\/wp-json\/wp\/v2\/users\/1"}],"replies":[{"embeddable":true,"href":"https:\/\/www.vallourec.com\/fr\/wp-json\/wp\/v2\/comments?post=3312"}],"version-history":[{"count":34,"href":"https:\/\/www.vallourec.com\/fr\/wp-json\/wp\/v2\/pages\/3312\/revisions"}],"predecessor-version":[{"id":25720,"href":"https:\/\/www.vallourec.com\/fr\/wp-json\/wp\/v2\/pages\/3312\/revisions\/25720"}],"wp:attachment":[{"href":"https:\/\/www.vallourec.com\/fr\/wp-json\/wp\/v2\/media?parent=3312"}],"curies":[{"name":"wp","href":"https:\/\/api.w.org\/{rel}","templated":true}]}}