{"id":2415,"date":"2023-08-24T10:48:07","date_gmt":"2023-08-24T08:48:07","guid":{"rendered":"https:\/\/www.vallourec.com\/?page_id=2415"},"modified":"2025-04-08T16:23:46","modified_gmt":"2025-04-08T14:23:46","slug":"perspective","status":"publish","type":"page","link":"https:\/\/www.vallourec.com\/fr\/perspective\/","title":{"rendered":"Perspective"},"content":{"rendered":"\t\t<div data-elementor-type=\"wp-page\" data-elementor-id=\"2415\" class=\"elementor elementor-2415 elementor-1029\">\n\t\t\t\t\t\t<section class=\"elementor-section elementor-top-section elementor-element elementor-element-38965c0 elementor-section-boxed elementor-section-height-default elementor-section-height-default\" data-id=\"38965c0\" data-element_type=\"section\" data-e-type=\"section\">\n\t\t\t\t\t\t<div class=\"elementor-container elementor-column-gap-default\">\n\t\t\t\t\t<div class=\"elementor-column elementor-col-100 elementor-top-column elementor-element elementor-element-cc87d41\" data-id=\"cc87d41\" data-element_type=\"column\" data-e-type=\"column\">\n\t\t\t<div class=\"elementor-widget-wrap elementor-element-populated\">\n\t\t\t\t\t\t<div class=\"elementor-element elementor-element-d26a238 elementor-widget elementor-widget-bloc_cta_external\" data-id=\"d26a238\" data-element_type=\"widget\" data-e-type=\"widget\" data-widget_type=\"bloc_cta_external.default\">\n\t\t\t\t<div class=\"elementor-widget-container\">\n\t\t\t\t\t<div class=\"pt-4 sm:pt-8 background-elementor-color\">\n  <div class=\"px-4 lg:px-0\">\n    <div\n      class=\"grid grid-cols-1 lg:grid-cols-3\"\n      style=\"column-gap: 64px; row-gap: 64px;\"\n    >\n                      <div class=\"flex flex-col bg-white rounded justify-between items-center p-4 drop-shadow-xl\">\n    <div>\n    <picture class=\"flex justify-center w-full h-full\">\n      <source srcset=\"https:\/\/www.vallourec.com\/app\/uploads\/2025\/04\/vallourec-perspective-vision.jpg\" media=\"(max-width: 768px)\">\n      <img decoding=\"async\" src=\"https:\/\/www.vallourec.com\/app\/uploads\/2025\/04\/vallourec-perspective-vision.jpg\" alt=\"\" loading=\"lazy\" class=\"w-auto h-auto object-cover select-none pointer-events-none\">\n    <\/picture>\n  <\/div>\n    <div class=\"text-center my-4 py-2\">\n    <div class=\"text-[1.25rem] font-bold\">Innovation et solutions<\/div>\n  <\/div>\n  \n  <div class=\"text-center py-2\">\n    <a\n      href=\"https:\/\/www.vallourec.com\/fr\/perspective\/notre-vision\/\"\n            class=\"btn btn-secondary flex items-center min-w-fit px-2\"\n    >\n      Notre vision\n    <\/a>\n  <\/div>\n<\/div>\n                      <div class=\"flex flex-col bg-white rounded justify-between items-center p-4 drop-shadow-xl\">\n    <div>\n    <picture class=\"flex justify-center w-full h-full\">\n      <source srcset=\"https:\/\/www.vallourec.com\/app\/uploads\/2025\/04\/vallourec-perspective-industrial-footprint.jpg\" media=\"(max-width: 768px)\">\n      <img decoding=\"async\" src=\"https:\/\/www.vallourec.com\/app\/uploads\/2025\/04\/vallourec-perspective-industrial-footprint.jpg\" alt=\"\" loading=\"lazy\" class=\"w-auto h-auto object-cover select-none pointer-events-none\">\n    <\/picture>\n  <\/div>\n    <div class=\"text-center my-4 py-2\">\n    <div class=\"text-[1.25rem] font-bold\">Nos atouts essentiels<\/div>\n  <\/div>\n  \n  <div class=\"text-center py-2\">\n    <a\n      href=\"https:\/\/www.vallourec.com\/fr\/perspective\/notre-empreinte-industrielle\/\"\n            class=\"btn btn-secondary flex items-center min-w-fit px-2\"\n    >\n      Notre empreinte industrielle\n    <\/a>\n  <\/div>\n<\/div>\n                      <div class=\"flex flex-col bg-white rounded justify-between items-center p-4 drop-shadow-xl\">\n    <div>\n    <picture class=\"flex justify-center w-full h-full\">\n      <source srcset=\"https:\/\/www.vallourec.com\/app\/uploads\/2025\/04\/vallourec-perspective-research-development.jpg\" media=\"(max-width: 768px)\">\n      <img decoding=\"async\" src=\"https:\/\/www.vallourec.com\/app\/uploads\/2025\/04\/vallourec-perspective-research-development.jpg\" alt=\"\" loading=\"lazy\" class=\"w-auto h-auto object-cover select-none pointer-events-none\">\n    <\/picture>\n  <\/div>\n    <div class=\"text-center my-4 py-2\">\n    <div class=\"text-[1.25rem] font-bold\">Diff\u00e9renciation et comp\u00e9titivit\u00e9<\/div>\n  <\/div>\n  \n  <div class=\"text-center py-2\">\n    <a\n      href=\"https:\/\/www.vallourec.com\/fr\/perspective\/la-recherche-et-developpement-contributeur-cle-de-linnovation\/\"\n            class=\"btn btn-secondary flex items-center min-w-fit px-2\"\n    >\n      Recherche et D\u00e9veloppement\n    <\/a>\n  <\/div>\n<\/div>\n                      <div class=\"flex flex-col bg-white rounded justify-between items-center p-4 drop-shadow-xl\">\n    <div>\n    <picture class=\"flex justify-center w-full h-full\">\n      <source srcset=\"https:\/\/www.vallourec.com\/app\/uploads\/2025\/04\/vallourec-perspective-new-energies.jpg\" media=\"(max-width: 768px)\">\n      <img decoding=\"async\" src=\"https:\/\/www.vallourec.com\/app\/uploads\/2025\/04\/vallourec-perspective-new-energies.jpg\" alt=\"\" loading=\"lazy\" class=\"w-auto h-auto object-cover select-none pointer-events-none\">\n    <\/picture>\n  <\/div>\n    <div class=\"text-center my-4 py-2\">\n    <div class=\"text-[1.25rem] font-bold\">Cap sur la transition \u00e9nerg\u00e9tique<\/div>\n  <\/div>\n  \n  <div class=\"text-center py-2\">\n    <a\n      href=\"https:\/\/www.vallourec.com\/fr\/perspective\/vallourec-new-energies\/\"\n            class=\"btn btn-secondary flex items-center min-w-fit px-2\"\n    >\n      Vallourec\u00ae New Energies\n    <\/a>\n  <\/div>\n<\/div>\n          <\/div>\n  <\/div>\n<\/div>\n\n\t\t\t\t<\/div>\n\t\t\t\t<\/div>\n\t\t\t\t\t<\/div>\n\t\t<\/div>\n\t\t\t\t\t<\/div>\n\t\t<\/section>\n\t\t\t\t<\/div>\n\t\t","protected":false},"excerpt":{"rendered":"","protected":false},"author":1,"featured_media":2182,"parent":0,"menu_order":0,"comment_status":"closed","ping_status":"closed","template":"","meta":{"_acf_changed":false,"footnotes":""},"class_list":["post-2415","page","type-page","status-publish","has-post-thumbnail","hentry"],"acf":[],"yoast_head":"<title>Perspective - Vallourec<\/title>\n<meta name=\"description\" content=\"Notre vision, Notre empreinte industrielle, Innover pour anticiper et assurer le futur, La Recherche et D\u00e9veloppement...\" \/>\n<meta name=\"robots\" content=\"index, follow, max-snippet:-1, max-image-preview:large, max-video-preview:-1\" \/>\n<link rel=\"canonical\" href=\"https:\/\/www.vallourec.com\/fr\/perspective\/\" \/>\n<meta property=\"og:locale\" content=\"fr_FR\" \/>\n<meta property=\"og:type\" content=\"article\" \/>\n<meta property=\"og:title\" content=\"Perspective - Vallourec\" \/>\n<meta property=\"og:description\" content=\"Notre vision, Notre empreinte industrielle, Innover pour anticiper et assurer le futur, La Recherche et D\u00e9veloppement...\" \/>\n<meta property=\"og:url\" content=\"https:\/\/www.vallourec.com\/fr\/perspective\/\" \/>\n<meta property=\"og:site_name\" content=\"Vallourec\" \/>\n<meta property=\"article:publisher\" content=\"https:\/\/fr-fr.facebook.com\/Vallourec\/\" \/>\n<meta property=\"article:modified_time\" content=\"2025-04-08T14:23:46+00:00\" \/>\n<meta property=\"og:image\" content=\"https:\/\/www.vallourec.com\/app\/uploads\/2023\/07\/vision_tubes.jpg\" \/>\n\t<meta property=\"og:image:width\" content=\"1700\" \/>\n\t<meta property=\"og:image:height\" content=\"400\" \/>\n\t<meta property=\"og:image:type\" content=\"image\/jpeg\" \/>\n<meta name=\"twitter:card\" content=\"summary_large_image\" \/>\n<meta name=\"twitter:site\" content=\"@Vallourec\" \/>\n<meta name=\"twitter:label1\" content=\"Dur\u00e9e de lecture estim\u00e9e\" \/>\n\t<meta name=\"twitter:data1\" content=\"1 minute\" \/>\n<script type=\"application\/ld+json\" class=\"yoast-schema-graph\">{\"@context\":\"https:\\\/\\\/schema.org\",\"@graph\":[{\"@type\":\"WebPage\",\"@id\":\"https:\\\/\\\/www.vallourec.com\\\/fr\\\/perspective\\\/\",\"url\":\"https:\\\/\\\/www.vallourec.com\\\/fr\\\/perspective\\\/\",\"name\":\"Perspective - Vallourec\",\"isPartOf\":{\"@id\":\"https:\\\/\\\/www.vallourec.com\\\/fr\\\/#website\"},\"primaryImageOfPage\":{\"@id\":\"https:\\\/\\\/www.vallourec.com\\\/fr\\\/perspective\\\/#primaryimage\"},\"image\":{\"@id\":\"https:\\\/\\\/www.vallourec.com\\\/fr\\\/perspective\\\/#primaryimage\"},\"thumbnailUrl\":\"https:\\\/\\\/www.vallourec.com\\\/app\\\/uploads\\\/2023\\\/07\\\/vision_tubes.jpg\",\"datePublished\":\"2023-08-24T08:48:07+00:00\",\"dateModified\":\"2025-04-08T14:23:46+00:00\",\"description\":\"Notre vision, Notre empreinte industrielle, Innover pour anticiper et assurer le futur, La Recherche et D\u00e9veloppement...\",\"inLanguage\":\"fr-FR\",\"potentialAction\":[{\"@type\":\"ReadAction\",\"target\":[\"https:\\\/\\\/www.vallourec.com\\\/fr\\\/perspective\\\/\"]}]},{\"@type\":\"ImageObject\",\"inLanguage\":\"fr-FR\",\"@id\":\"https:\\\/\\\/www.vallourec.com\\\/fr\\\/perspective\\\/#primaryimage\",\"url\":\"https:\\\/\\\/www.vallourec.com\\\/app\\\/uploads\\\/2023\\\/07\\\/vision_tubes.jpg\",\"contentUrl\":\"https:\\\/\\\/www.vallourec.com\\\/app\\\/uploads\\\/2023\\\/07\\\/vision_tubes.jpg\",\"width\":1700,\"height\":400},{\"@type\":\"WebSite\",\"@id\":\"https:\\\/\\\/www.vallourec.com\\\/fr\\\/#website\",\"url\":\"https:\\\/\\\/www.vallourec.com\\\/fr\\\/\",\"name\":\"Vallourec\",\"description\":\"\",\"publisher\":{\"@id\":\"https:\\\/\\\/www.vallourec.com\\\/fr\\\/#organization\"},\"potentialAction\":[{\"@type\":\"SearchAction\",\"target\":{\"@type\":\"EntryPoint\",\"urlTemplate\":\"https:\\\/\\\/www.vallourec.com\\\/fr\\\/?s={search_term_string}\"},\"query-input\":{\"@type\":\"PropertyValueSpecification\",\"valueRequired\":true,\"valueName\":\"search_term_string\"}}],\"inLanguage\":\"fr-FR\"},{\"@type\":\"Organization\",\"@id\":\"https:\\\/\\\/www.vallourec.com\\\/fr\\\/#organization\",\"name\":\"Vallourec\",\"url\":\"https:\\\/\\\/www.vallourec.com\\\/fr\\\/\",\"logo\":{\"@type\":\"ImageObject\",\"inLanguage\":\"fr-FR\",\"@id\":\"https:\\\/\\\/www.vallourec.com\\\/fr\\\/#\\\/schema\\\/logo\\\/image\\\/\",\"url\":\"https:\\\/\\\/www.vallourec.com\\\/app\\\/uploads\\\/2024\\\/11\\\/vallourec_logo.jpg\",\"contentUrl\":\"https:\\\/\\\/www.vallourec.com\\\/app\\\/uploads\\\/2024\\\/11\\\/vallourec_logo.jpg\",\"width\":662,\"height\":500,\"caption\":\"Vallourec\"},\"image\":{\"@id\":\"https:\\\/\\\/www.vallourec.com\\\/fr\\\/#\\\/schema\\\/logo\\\/image\\\/\"},\"sameAs\":[\"https:\\\/\\\/fr-fr.facebook.com\\\/Vallourec\\\/\",\"https:\\\/\\\/x.com\\\/Vallourec\",\"https:\\\/\\\/www.instagram.com\\\/vallourec\\\/\",\"https:\\\/\\\/fr.linkedin.com\\\/company\\\/vallourec\",\"https:\\\/\\\/www.youtube.com\\\/channel\\\/UCgIl0xm1ANwajVkfCFvZr0w\"]}]}<\/script>","yoast_head_json":{"title":"Perspective - Vallourec","description":"Notre vision, Notre empreinte industrielle, Innover pour anticiper et assurer le futur, La Recherche et D\u00e9veloppement...","robots":{"index":"index","follow":"follow","max-snippet":"max-snippet:-1","max-image-preview":"max-image-preview:large","max-video-preview":"max-video-preview:-1"},"canonical":"https:\/\/www.vallourec.com\/fr\/perspective\/","og_locale":"fr_FR","og_type":"article","og_title":"Perspective - Vallourec","og_description":"Notre vision, Notre empreinte industrielle, Innover pour anticiper et assurer le futur, La Recherche et D\u00e9veloppement...","og_url":"https:\/\/www.vallourec.com\/fr\/perspective\/","og_site_name":"Vallourec","article_publisher":"https:\/\/fr-fr.facebook.com\/Vallourec\/","article_modified_time":"2025-04-08T14:23:46+00:00","og_image":[{"width":1700,"height":400,"url":"https:\/\/www.vallourec.com\/app\/uploads\/2023\/07\/vision_tubes.jpg","type":"image\/jpeg"}],"twitter_card":"summary_large_image","twitter_site":"@Vallourec","twitter_misc":{"Dur\u00e9e de lecture estim\u00e9e":"1 minute"},"schema":{"@context":"https:\/\/schema.org","@graph":[{"@type":"WebPage","@id":"https:\/\/www.vallourec.com\/fr\/perspective\/","url":"https:\/\/www.vallourec.com\/fr\/perspective\/","name":"Perspective - Vallourec","isPartOf":{"@id":"https:\/\/www.vallourec.com\/fr\/#website"},"primaryImageOfPage":{"@id":"https:\/\/www.vallourec.com\/fr\/perspective\/#primaryimage"},"image":{"@id":"https:\/\/www.vallourec.com\/fr\/perspective\/#primaryimage"},"thumbnailUrl":"https:\/\/www.vallourec.com\/app\/uploads\/2023\/07\/vision_tubes.jpg","datePublished":"2023-08-24T08:48:07+00:00","dateModified":"2025-04-08T14:23:46+00:00","description":"Notre vision, Notre empreinte industrielle, Innover pour anticiper et assurer le futur, La Recherche et D\u00e9veloppement...","inLanguage":"fr-FR","potentialAction":[{"@type":"ReadAction","target":["https:\/\/www.vallourec.com\/fr\/perspective\/"]}]},{"@type":"ImageObject","inLanguage":"fr-FR","@id":"https:\/\/www.vallourec.com\/fr\/perspective\/#primaryimage","url":"https:\/\/www.vallourec.com\/app\/uploads\/2023\/07\/vision_tubes.jpg","contentUrl":"https:\/\/www.vallourec.com\/app\/uploads\/2023\/07\/vision_tubes.jpg","width":1700,"height":400},{"@type":"WebSite","@id":"https:\/\/www.vallourec.com\/fr\/#website","url":"https:\/\/www.vallourec.com\/fr\/","name":"Vallourec","description":"","publisher":{"@id":"https:\/\/www.vallourec.com\/fr\/#organization"},"potentialAction":[{"@type":"SearchAction","target":{"@type":"EntryPoint","urlTemplate":"https:\/\/www.vallourec.com\/fr\/?s={search_term_string}"},"query-input":{"@type":"PropertyValueSpecification","valueRequired":true,"valueName":"search_term_string"}}],"inLanguage":"fr-FR"},{"@type":"Organization","@id":"https:\/\/www.vallourec.com\/fr\/#organization","name":"Vallourec","url":"https:\/\/www.vallourec.com\/fr\/","logo":{"@type":"ImageObject","inLanguage":"fr-FR","@id":"https:\/\/www.vallourec.com\/fr\/#\/schema\/logo\/image\/","url":"https:\/\/www.vallourec.com\/app\/uploads\/2024\/11\/vallourec_logo.jpg","contentUrl":"https:\/\/www.vallourec.com\/app\/uploads\/2024\/11\/vallourec_logo.jpg","width":662,"height":500,"caption":"Vallourec"},"image":{"@id":"https:\/\/www.vallourec.com\/fr\/#\/schema\/logo\/image\/"},"sameAs":["https:\/\/fr-fr.facebook.com\/Vallourec\/","https:\/\/x.com\/Vallourec","https:\/\/www.instagram.com\/vallourec\/","https:\/\/fr.linkedin.com\/company\/vallourec","https:\/\/www.youtube.com\/channel\/UCgIl0xm1ANwajVkfCFvZr0w"]}]}},"_links":{"self":[{"href":"https:\/\/www.vallourec.com\/fr\/wp-json\/wp\/v2\/pages\/2415","targetHints":{"allow":["GET"]}}],"collection":[{"href":"https:\/\/www.vallourec.com\/fr\/wp-json\/wp\/v2\/pages"}],"about":[{"href":"https:\/\/www.vallourec.com\/fr\/wp-json\/wp\/v2\/types\/page"}],"author":[{"embeddable":true,"href":"https:\/\/www.vallourec.com\/fr\/wp-json\/wp\/v2\/users\/1"}],"replies":[{"embeddable":true,"href":"https:\/\/www.vallourec.com\/fr\/wp-json\/wp\/v2\/comments?post=2415"}],"version-history":[{"count":8,"href":"https:\/\/www.vallourec.com\/fr\/wp-json\/wp\/v2\/pages\/2415\/revisions"}],"predecessor-version":[{"id":22043,"href":"https:\/\/www.vallourec.com\/fr\/wp-json\/wp\/v2\/pages\/2415\/revisions\/22043"}],"wp:featuredmedia":[{"embeddable":true,"href":"https:\/\/www.vallourec.com\/fr\/wp-json\/wp\/v2\/media\/2182"}],"wp:attachment":[{"href":"https:\/\/www.vallourec.com\/fr\/wp-json\/wp\/v2\/media?parent=2415"}],"curies":[{"name":"wp","href":"https:\/\/api.w.org\/{rel}","templated":true}]}}