{"id":2394,"date":"2023-08-24T14:09:52","date_gmt":"2023-08-24T12:09:52","guid":{"rendered":"https:\/\/www.vallourec.com\/?page_id=2394"},"modified":"2025-04-08T16:19:27","modified_gmt":"2025-04-08T14:19:27","slug":"identite","status":"publish","type":"page","link":"https:\/\/www.vallourec.com\/fr\/identite\/","title":{"rendered":"Identit\u00e9"},"content":{"rendered":"\t\t<div data-elementor-type=\"wp-page\" data-elementor-id=\"2394\" class=\"elementor elementor-2394 elementor-1194\">\n\t\t\t\t\t\t<section class=\"elementor-section elementor-top-section elementor-element elementor-element-7181ae2 elementor-section-boxed elementor-section-height-default elementor-section-height-default\" data-id=\"7181ae2\" data-element_type=\"section\" data-e-type=\"section\">\n\t\t\t\t\t\t<div class=\"elementor-container elementor-column-gap-default\">\n\t\t\t\t\t<div class=\"elementor-column elementor-col-100 elementor-top-column elementor-element elementor-element-56d0ecf\" data-id=\"56d0ecf\" data-element_type=\"column\" data-e-type=\"column\">\n\t\t\t<div class=\"elementor-widget-wrap elementor-element-populated\">\n\t\t\t\t\t\t<div class=\"elementor-element elementor-element-a6ef573 elementor-widget elementor-widget-bloc_cta_external\" data-id=\"a6ef573\" data-element_type=\"widget\" data-e-type=\"widget\" data-widget_type=\"bloc_cta_external.default\">\n\t\t\t\t<div class=\"elementor-widget-container\">\n\t\t\t\t\t<div class=\"pt-4 sm:pt-8 background-elementor-color\">\n  <div class=\"px-4 lg:px-0\">\n    <div\n      class=\"grid grid-cols-1 lg:grid-cols-3\"\n      style=\"column-gap: 64px; row-gap: 64px;\"\n    >\n                      <div class=\"flex flex-col bg-white rounded justify-between items-center p-4 drop-shadow-xl\">\n    <div>\n    <picture class=\"flex justify-center w-full h-full\">\n      <source srcset=\"https:\/\/www.vallourec.com\/app\/uploads\/2025\/04\/vallourec-identity-focus.jpg\" media=\"(max-width: 768px)\">\n      <img decoding=\"async\" src=\"https:\/\/www.vallourec.com\/app\/uploads\/2025\/04\/vallourec-identity-focus.jpg\" alt=\"\" loading=\"lazy\" class=\"w-auto h-auto object-cover select-none pointer-events-none\">\n    <\/picture>\n  <\/div>\n    <div class=\"text-center my-4 py-2\">\n    <div class=\"text-[1.25rem] font-bold\">Un partenaire de confiance cr\u00e9ateur de solutions<\/div>\n  <\/div>\n  \n  <div class=\"text-center py-2\">\n    <a\n      href=\"https:\/\/www.vallourec.com\/fr\/identite\/focus\/\"\n            class=\"btn btn-secondary flex items-center min-w-fit px-2\"\n    >\n      Focus\n    <\/a>\n  <\/div>\n<\/div>\n                      <div class=\"flex flex-col bg-white rounded justify-between items-center p-4 drop-shadow-xl\">\n    <div>\n    <picture class=\"flex justify-center w-full h-full\">\n      <source srcset=\"https:\/\/www.vallourec.com\/app\/uploads\/2025\/04\/vallourec-identity-governance.jpg\" media=\"(max-width: 768px)\">\n      <img decoding=\"async\" src=\"https:\/\/www.vallourec.com\/app\/uploads\/2025\/04\/vallourec-identity-governance.jpg\" alt=\"\" loading=\"lazy\" class=\"w-auto h-auto object-cover select-none pointer-events-none\">\n    <\/picture>\n  <\/div>\n    <div class=\"text-center my-4 py-2\">\n    <div class=\"text-[1.25rem] font-bold\">Comex et conseil d'administration<\/div>\n  <\/div>\n  \n  <div class=\"text-center py-2\">\n    <a\n      href=\"https:\/\/www.vallourec.com\/fr\/identite\/notre-gouvernance\/\"\n            class=\"btn btn-secondary flex items-center min-w-fit px-2\"\n    >\n      Notre Gouvernance\n    <\/a>\n  <\/div>\n<\/div>\n                      <div class=\"flex flex-col bg-white rounded justify-between items-center p-4 drop-shadow-xl\">\n    <div>\n    <picture class=\"flex justify-center w-full h-full\">\n      <source srcset=\"https:\/\/www.vallourec.com\/app\/uploads\/2025\/04\/vallourec-identity-ethics.jpg\" media=\"(max-width: 768px)\">\n      <img decoding=\"async\" src=\"https:\/\/www.vallourec.com\/app\/uploads\/2025\/04\/vallourec-identity-ethics.jpg\" alt=\"\" loading=\"lazy\" class=\"w-auto h-auto object-cover select-none pointer-events-none\">\n    <\/picture>\n  <\/div>\n    <div class=\"text-center my-4 py-2\">\n    <div class=\"text-[1.25rem] font-bold\">Valeurs et principes<\/div>\n  <\/div>\n  \n  <div class=\"text-center py-2\">\n    <a\n      href=\"https:\/\/www.vallourec.com\/fr\/identite\/ethique-et-conformite\/\"\n            class=\"btn btn-secondary flex items-center min-w-fit px-2\"\n    >\n      \u00c9thique et Conformit\u00e9\n    <\/a>\n  <\/div>\n<\/div>\n                      <div class=\"flex flex-col bg-white rounded justify-between items-center p-4 drop-shadow-xl\">\n    <div>\n    <picture class=\"flex justify-center w-full h-full\">\n      <source srcset=\"https:\/\/www.vallourec.com\/app\/uploads\/2025\/04\/vallourec-identity-ethics.jpg\" media=\"(max-width: 768px)\">\n      <img decoding=\"async\" src=\"https:\/\/www.vallourec.com\/app\/uploads\/2025\/04\/vallourec-identity-ethics.jpg\" alt=\"\" loading=\"lazy\" class=\"w-auto h-auto object-cover select-none pointer-events-none\">\n    <\/picture>\n  <\/div>\n    <div class=\"text-center my-4 py-2\">\n    <div class=\"text-[1.25rem] font-bold\">Nos collaborateurs sont notre premi\u00e8re richesse<\/div>\n  <\/div>\n  \n  <div class=\"text-center py-2\">\n    <a\n      href=\"https:\/\/www.vallourec.com\/fr\/identite\/nos-equipes\/\"\n            class=\"btn btn-secondary flex items-center min-w-fit px-2\"\n    >\n      Nos \u00e9quipes\n    <\/a>\n  <\/div>\n<\/div>\n          <\/div>\n  <\/div>\n<\/div>\n\n\t\t\t\t<\/div>\n\t\t\t\t<\/div>\n\t\t\t\t\t<\/div>\n\t\t<\/div>\n\t\t\t\t\t<\/div>\n\t\t<\/section>\n\t\t\t\t<\/div>\n\t\t","protected":false},"excerpt":{"rendered":"","protected":false},"author":1,"featured_media":2168,"parent":0,"menu_order":0,"comment_status":"closed","ping_status":"closed","template":"","meta":{"_acf_changed":false,"footnotes":""},"class_list":["post-2394","page","type-page","status-publish","has-post-thumbnail","hentry"],"acf":[],"yoast_head":"<title>Identit\u00e9 - Vallourec<\/title>\n<meta name=\"description\" content=\"Un partenaire de confiance cr\u00e9ateur de solutions : Focus, Notre gouvernance, Ethique et Conformit\u00e9, Nos \u00e9quipes...\" \/>\n<meta name=\"robots\" content=\"index, follow, max-snippet:-1, max-image-preview:large, max-video-preview:-1\" \/>\n<link rel=\"canonical\" href=\"https:\/\/www.vallourec.com\/fr\/identite\/\" \/>\n<meta property=\"og:locale\" content=\"fr_FR\" \/>\n<meta property=\"og:type\" content=\"article\" \/>\n<meta property=\"og:title\" content=\"Identit\u00e9 - Vallourec\" \/>\n<meta property=\"og:description\" content=\"Un partenaire de confiance cr\u00e9ateur de solutions : Focus, Notre gouvernance, Ethique et Conformit\u00e9, Nos \u00e9quipes...\" \/>\n<meta property=\"og:url\" content=\"https:\/\/www.vallourec.com\/fr\/identite\/\" \/>\n<meta property=\"og:site_name\" content=\"Vallourec\" \/>\n<meta property=\"article:publisher\" content=\"https:\/\/fr-fr.facebook.com\/Vallourec\/\" \/>\n<meta property=\"article:modified_time\" content=\"2025-04-08T14:19:27+00:00\" \/>\n<meta property=\"og:image\" content=\"https:\/\/www.vallourec.com\/app\/uploads\/2023\/08\/identite-focus-tube-homme-1.png\" \/>\n\t<meta property=\"og:image:width\" content=\"1440\" \/>\n\t<meta property=\"og:image:height\" content=\"400\" \/>\n\t<meta property=\"og:image:type\" content=\"image\/png\" \/>\n<meta name=\"twitter:card\" content=\"summary_large_image\" \/>\n<meta name=\"twitter:site\" content=\"@Vallourec\" \/>\n<meta name=\"twitter:label1\" content=\"Dur\u00e9e de lecture estim\u00e9e\" \/>\n\t<meta name=\"twitter:data1\" content=\"1 minute\" \/>\n<script type=\"application\/ld+json\" class=\"yoast-schema-graph\">{\"@context\":\"https:\\\/\\\/schema.org\",\"@graph\":[{\"@type\":\"WebPage\",\"@id\":\"https:\\\/\\\/www.vallourec.com\\\/fr\\\/identite\\\/\",\"url\":\"https:\\\/\\\/www.vallourec.com\\\/fr\\\/identite\\\/\",\"name\":\"Identit\u00e9 - Vallourec\",\"isPartOf\":{\"@id\":\"https:\\\/\\\/www.vallourec.com\\\/fr\\\/#website\"},\"primaryImageOfPage\":{\"@id\":\"https:\\\/\\\/www.vallourec.com\\\/fr\\\/identite\\\/#primaryimage\"},\"image\":{\"@id\":\"https:\\\/\\\/www.vallourec.com\\\/fr\\\/identite\\\/#primaryimage\"},\"thumbnailUrl\":\"https:\\\/\\\/www.vallourec.com\\\/app\\\/uploads\\\/2023\\\/08\\\/identite-focus-tube-homme-1.png\",\"datePublished\":\"2023-08-24T12:09:52+00:00\",\"dateModified\":\"2025-04-08T14:19:27+00:00\",\"description\":\"Un partenaire de confiance cr\u00e9ateur de solutions : Focus, Notre gouvernance, Ethique et Conformit\u00e9, Nos \u00e9quipes...\",\"inLanguage\":\"fr-FR\",\"potentialAction\":[{\"@type\":\"ReadAction\",\"target\":[\"https:\\\/\\\/www.vallourec.com\\\/fr\\\/identite\\\/\"]}]},{\"@type\":\"ImageObject\",\"inLanguage\":\"fr-FR\",\"@id\":\"https:\\\/\\\/www.vallourec.com\\\/fr\\\/identite\\\/#primaryimage\",\"url\":\"https:\\\/\\\/www.vallourec.com\\\/app\\\/uploads\\\/2023\\\/08\\\/identite-focus-tube-homme-1.png\",\"contentUrl\":\"https:\\\/\\\/www.vallourec.com\\\/app\\\/uploads\\\/2023\\\/08\\\/identite-focus-tube-homme-1.png\",\"width\":1440,\"height\":400},{\"@type\":\"WebSite\",\"@id\":\"https:\\\/\\\/www.vallourec.com\\\/fr\\\/#website\",\"url\":\"https:\\\/\\\/www.vallourec.com\\\/fr\\\/\",\"name\":\"Vallourec\",\"description\":\"\",\"publisher\":{\"@id\":\"https:\\\/\\\/www.vallourec.com\\\/fr\\\/#organization\"},\"potentialAction\":[{\"@type\":\"SearchAction\",\"target\":{\"@type\":\"EntryPoint\",\"urlTemplate\":\"https:\\\/\\\/www.vallourec.com\\\/fr\\\/?s={search_term_string}\"},\"query-input\":{\"@type\":\"PropertyValueSpecification\",\"valueRequired\":true,\"valueName\":\"search_term_string\"}}],\"inLanguage\":\"fr-FR\"},{\"@type\":\"Organization\",\"@id\":\"https:\\\/\\\/www.vallourec.com\\\/fr\\\/#organization\",\"name\":\"Vallourec\",\"url\":\"https:\\\/\\\/www.vallourec.com\\\/fr\\\/\",\"logo\":{\"@type\":\"ImageObject\",\"inLanguage\":\"fr-FR\",\"@id\":\"https:\\\/\\\/www.vallourec.com\\\/fr\\\/#\\\/schema\\\/logo\\\/image\\\/\",\"url\":\"https:\\\/\\\/www.vallourec.com\\\/app\\\/uploads\\\/2024\\\/11\\\/vallourec_logo.jpg\",\"contentUrl\":\"https:\\\/\\\/www.vallourec.com\\\/app\\\/uploads\\\/2024\\\/11\\\/vallourec_logo.jpg\",\"width\":662,\"height\":500,\"caption\":\"Vallourec\"},\"image\":{\"@id\":\"https:\\\/\\\/www.vallourec.com\\\/fr\\\/#\\\/schema\\\/logo\\\/image\\\/\"},\"sameAs\":[\"https:\\\/\\\/fr-fr.facebook.com\\\/Vallourec\\\/\",\"https:\\\/\\\/x.com\\\/Vallourec\",\"https:\\\/\\\/www.instagram.com\\\/vallourec\\\/\",\"https:\\\/\\\/fr.linkedin.com\\\/company\\\/vallourec\",\"https:\\\/\\\/www.youtube.com\\\/channel\\\/UCgIl0xm1ANwajVkfCFvZr0w\"]}]}<\/script>","yoast_head_json":{"title":"Identit\u00e9 - Vallourec","description":"Un partenaire de confiance cr\u00e9ateur de solutions : Focus, Notre gouvernance, Ethique et Conformit\u00e9, Nos \u00e9quipes...","robots":{"index":"index","follow":"follow","max-snippet":"max-snippet:-1","max-image-preview":"max-image-preview:large","max-video-preview":"max-video-preview:-1"},"canonical":"https:\/\/www.vallourec.com\/fr\/identite\/","og_locale":"fr_FR","og_type":"article","og_title":"Identit\u00e9 - Vallourec","og_description":"Un partenaire de confiance cr\u00e9ateur de solutions : Focus, Notre gouvernance, Ethique et Conformit\u00e9, Nos \u00e9quipes...","og_url":"https:\/\/www.vallourec.com\/fr\/identite\/","og_site_name":"Vallourec","article_publisher":"https:\/\/fr-fr.facebook.com\/Vallourec\/","article_modified_time":"2025-04-08T14:19:27+00:00","og_image":[{"width":1440,"height":400,"url":"https:\/\/www.vallourec.com\/app\/uploads\/2023\/08\/identite-focus-tube-homme-1.png","type":"image\/png"}],"twitter_card":"summary_large_image","twitter_site":"@Vallourec","twitter_misc":{"Dur\u00e9e de lecture estim\u00e9e":"1 minute"},"schema":{"@context":"https:\/\/schema.org","@graph":[{"@type":"WebPage","@id":"https:\/\/www.vallourec.com\/fr\/identite\/","url":"https:\/\/www.vallourec.com\/fr\/identite\/","name":"Identit\u00e9 - Vallourec","isPartOf":{"@id":"https:\/\/www.vallourec.com\/fr\/#website"},"primaryImageOfPage":{"@id":"https:\/\/www.vallourec.com\/fr\/identite\/#primaryimage"},"image":{"@id":"https:\/\/www.vallourec.com\/fr\/identite\/#primaryimage"},"thumbnailUrl":"https:\/\/www.vallourec.com\/app\/uploads\/2023\/08\/identite-focus-tube-homme-1.png","datePublished":"2023-08-24T12:09:52+00:00","dateModified":"2025-04-08T14:19:27+00:00","description":"Un partenaire de confiance cr\u00e9ateur de solutions : Focus, Notre gouvernance, Ethique et Conformit\u00e9, Nos \u00e9quipes...","inLanguage":"fr-FR","potentialAction":[{"@type":"ReadAction","target":["https:\/\/www.vallourec.com\/fr\/identite\/"]}]},{"@type":"ImageObject","inLanguage":"fr-FR","@id":"https:\/\/www.vallourec.com\/fr\/identite\/#primaryimage","url":"https:\/\/www.vallourec.com\/app\/uploads\/2023\/08\/identite-focus-tube-homme-1.png","contentUrl":"https:\/\/www.vallourec.com\/app\/uploads\/2023\/08\/identite-focus-tube-homme-1.png","width":1440,"height":400},{"@type":"WebSite","@id":"https:\/\/www.vallourec.com\/fr\/#website","url":"https:\/\/www.vallourec.com\/fr\/","name":"Vallourec","description":"","publisher":{"@id":"https:\/\/www.vallourec.com\/fr\/#organization"},"potentialAction":[{"@type":"SearchAction","target":{"@type":"EntryPoint","urlTemplate":"https:\/\/www.vallourec.com\/fr\/?s={search_term_string}"},"query-input":{"@type":"PropertyValueSpecification","valueRequired":true,"valueName":"search_term_string"}}],"inLanguage":"fr-FR"},{"@type":"Organization","@id":"https:\/\/www.vallourec.com\/fr\/#organization","name":"Vallourec","url":"https:\/\/www.vallourec.com\/fr\/","logo":{"@type":"ImageObject","inLanguage":"fr-FR","@id":"https:\/\/www.vallourec.com\/fr\/#\/schema\/logo\/image\/","url":"https:\/\/www.vallourec.com\/app\/uploads\/2024\/11\/vallourec_logo.jpg","contentUrl":"https:\/\/www.vallourec.com\/app\/uploads\/2024\/11\/vallourec_logo.jpg","width":662,"height":500,"caption":"Vallourec"},"image":{"@id":"https:\/\/www.vallourec.com\/fr\/#\/schema\/logo\/image\/"},"sameAs":["https:\/\/fr-fr.facebook.com\/Vallourec\/","https:\/\/x.com\/Vallourec","https:\/\/www.instagram.com\/vallourec\/","https:\/\/fr.linkedin.com\/company\/vallourec","https:\/\/www.youtube.com\/channel\/UCgIl0xm1ANwajVkfCFvZr0w"]}]}},"_links":{"self":[{"href":"https:\/\/www.vallourec.com\/fr\/wp-json\/wp\/v2\/pages\/2394","targetHints":{"allow":["GET"]}}],"collection":[{"href":"https:\/\/www.vallourec.com\/fr\/wp-json\/wp\/v2\/pages"}],"about":[{"href":"https:\/\/www.vallourec.com\/fr\/wp-json\/wp\/v2\/types\/page"}],"author":[{"embeddable":true,"href":"https:\/\/www.vallourec.com\/fr\/wp-json\/wp\/v2\/users\/1"}],"replies":[{"embeddable":true,"href":"https:\/\/www.vallourec.com\/fr\/wp-json\/wp\/v2\/comments?post=2394"}],"version-history":[{"count":16,"href":"https:\/\/www.vallourec.com\/fr\/wp-json\/wp\/v2\/pages\/2394\/revisions"}],"predecessor-version":[{"id":22028,"href":"https:\/\/www.vallourec.com\/fr\/wp-json\/wp\/v2\/pages\/2394\/revisions\/22028"}],"wp:featuredmedia":[{"embeddable":true,"href":"https:\/\/www.vallourec.com\/fr\/wp-json\/wp\/v2\/media\/2168"}],"wp:attachment":[{"href":"https:\/\/www.vallourec.com\/fr\/wp-json\/wp\/v2\/media?parent=2394"}],"curies":[{"name":"wp","href":"https:\/\/api.w.org\/{rel}","templated":true}]}}