{"id":10449,"date":"2023-09-21T12:13:32","date_gmt":"2023-09-21T10:13:32","guid":{"rendered":"https:\/\/www.vallourec.com\/investisseurs\/informations-boursieres\/analyst-coverage\/"},"modified":"2026-01-16T18:18:35","modified_gmt":"2026-01-16T17:18:35","slug":"analystes-financiers","status":"publish","type":"page","link":"https:\/\/www.vallourec.com\/fr\/investisseurs\/informations-boursieres\/analystes-financiers\/","title":{"rendered":"Analystes financiers"},"content":{"rendered":"\t\t<div data-elementor-type=\"wp-page\" data-elementor-id=\"10449\" class=\"elementor elementor-10449 elementor-3037\">\n\t\t\t\t\t\t<section class=\"elementor-section elementor-top-section elementor-element elementor-element-bf660d7 elementor-section-boxed elementor-section-height-default elementor-section-height-default\" data-id=\"bf660d7\" data-element_type=\"section\" data-e-type=\"section\">\n\t\t\t\t\t\t<div class=\"elementor-container elementor-column-gap-default\">\n\t\t\t\t\t<div class=\"elementor-column elementor-col-100 elementor-top-column elementor-element elementor-element-b20e8e5\" data-id=\"b20e8e5\" data-element_type=\"column\" data-e-type=\"column\">\n\t\t\t<div class=\"elementor-widget-wrap elementor-element-populated\">\n\t\t\t\t\t\t<div class=\"elementor-element elementor-element-c980345 elementor-widget elementor-widget-title\" data-id=\"c980345\" data-element_type=\"widget\" data-e-type=\"widget\" data-widget_type=\"title.default\">\n\t\t\t\t<div class=\"elementor-widget-container\">\n\t\t\t\t\t<div>\n      <div class=\"block mb-[3rem] md:mb-none md:flex relative\">\n      <h2 class=\"w-fit title-h2 pb-2 md:pb-0 \">Analystes financiers<\/h2>\n      <div class=\"title-divider ml-0 mr-0 md:ml-3 self-center\"><\/div>\n      <p class=\"title-anchor -bottom-[2rem] md:bottom-[50%] right-0 \" id=\"\"><\/p>\n    <\/div>\n  <\/div>\n\t\t\t\t<\/div>\n\t\t\t\t<\/div>\n\t\t\t\t<div class=\"elementor-element elementor-element-4a94372 elementor-widget elementor-widget-html\" data-id=\"4a94372\" data-element_type=\"widget\" data-e-type=\"widget\" data-widget_type=\"html.default\">\n\t\t\t\t\t<table style=\"width:100%;background:white\" cellpadding=\"5\">\r\n    <tr><td>Alphavalue<\/td><td>Fabrice Farigoule<\/td><\/tr>\r\n    <tr><td>Bank of America Merrill Lynch<\/td><td>Christopher Kuplent<\/td><\/tr>\r\n    <tr><td>Barclays<\/td><td>Mick Pickup<\/td><\/tr>\r\n    <tr><td>Bernstein \/ Soci\u00e9t\u00e9 G\u00e9n\u00e9rale<\/td><td>Guillaume Delaby<\/td><\/tr>\r\n    <tr><td>BNP Paribas Exane<\/td><td>Paul Redman<\/td><\/tr>\r\n    <tr><td>CIC<\/td><td>Jean-Luc Romain<\/td><\/tr>\r\n    <tr><td>Goldman Sachs<\/td><td>Michele Della Vigna<\/td><\/tr>\r\n    <tr><td>Jefferies<\/td><td>Jamie Franklin<\/td><\/tr>\r\n    <tr><td>Kepler Cheuvreux<\/td><td>Kevin Roger<\/td><\/tr>\r\n    <tr><td>Morgan Stanley<\/td><td>Guilherme Levy<\/td><\/tr>\r\n    <tr><td>Oddo BHF<\/td><td>Baptiste Lebacq<\/td><\/tr>\r\n    <tr><td>TP ICAP<\/td><td>Julien Thomas<\/td><\/tr>\r\n<\/table>\r\n\t\t\t\t<\/div>\n\t\t\t\t<div class=\"elementor-element elementor-element-2ba4a8e elementor-widget elementor-widget-spacer\" data-id=\"2ba4a8e\" data-element_type=\"widget\" data-e-type=\"widget\" data-widget_type=\"spacer.default\">\n\t\t\t\t\t\t\t<div class=\"elementor-spacer\">\n\t\t\t<div class=\"elementor-spacer-inner\"><\/div>\n\t\t<\/div>\n\t\t\t\t\t\t<\/div>\n\t\t\t\t\t<\/div>\n\t\t<\/div>\n\t\t\t\t\t<\/div>\n\t\t<\/section>\n\t\t\t\t<\/div>\n\t\t","protected":false},"excerpt":{"rendered":"","protected":false},"author":1,"featured_media":0,"parent":3555,"menu_order":0,"comment_status":"closed","ping_status":"closed","template":"","meta":{"_acf_changed":false,"footnotes":""},"class_list":["post-10449","page","type-page","status-publish","hentry"],"acf":[],"yoast_head":"<title>Analystes financiers - Vallourec<\/title>\n<meta name=\"robots\" content=\"index, follow, max-snippet:-1, max-image-preview:large, max-video-preview:-1\" \/>\n<link rel=\"canonical\" href=\"https:\/\/www.vallourec.com\/fr\/investisseurs\/informations-boursieres\/analystes-financiers\/\" \/>\n<meta property=\"og:locale\" content=\"fr_FR\" \/>\n<meta property=\"og:type\" content=\"article\" \/>\n<meta property=\"og:title\" content=\"Analystes financiers - Vallourec\" \/>\n<meta property=\"og:url\" content=\"https:\/\/www.vallourec.com\/fr\/investisseurs\/informations-boursieres\/analystes-financiers\/\" \/>\n<meta property=\"og:site_name\" content=\"Vallourec\" \/>\n<meta property=\"article:publisher\" content=\"https:\/\/fr-fr.facebook.com\/Vallourec\/\" \/>\n<meta property=\"article:modified_time\" content=\"2026-01-16T17:18:35+00:00\" \/>\n<meta name=\"twitter:card\" content=\"summary_large_image\" \/>\n<meta name=\"twitter:site\" content=\"@Vallourec\" \/>\n<meta name=\"twitter:label1\" content=\"Dur\u00e9e de lecture estim\u00e9e\" \/>\n\t<meta name=\"twitter:data1\" content=\"1 minute\" \/>\n<script type=\"application\/ld+json\" class=\"yoast-schema-graph\">{\"@context\":\"https:\\\/\\\/schema.org\",\"@graph\":[{\"@type\":\"WebPage\",\"@id\":\"https:\\\/\\\/www.vallourec.com\\\/fr\\\/investisseurs\\\/informations-boursieres\\\/analystes-financiers\\\/\",\"url\":\"https:\\\/\\\/www.vallourec.com\\\/fr\\\/investisseurs\\\/informations-boursieres\\\/analystes-financiers\\\/\",\"name\":\"Analystes financiers - Vallourec\",\"isPartOf\":{\"@id\":\"https:\\\/\\\/www.vallourec.com\\\/fr\\\/#website\"},\"datePublished\":\"2023-09-21T10:13:32+00:00\",\"dateModified\":\"2026-01-16T17:18:35+00:00\",\"breadcrumb\":{\"@id\":\"https:\\\/\\\/www.vallourec.com\\\/fr\\\/investisseurs\\\/informations-boursieres\\\/analystes-financiers\\\/#breadcrumb\"},\"inLanguage\":\"fr-FR\",\"potentialAction\":[{\"@type\":\"ReadAction\",\"target\":[\"https:\\\/\\\/www.vallourec.com\\\/fr\\\/investisseurs\\\/informations-boursieres\\\/analystes-financiers\\\/\"]}]},{\"@type\":\"BreadcrumbList\",\"@id\":\"https:\\\/\\\/www.vallourec.com\\\/fr\\\/investisseurs\\\/informations-boursieres\\\/analystes-financiers\\\/#breadcrumb\",\"itemListElement\":[{\"@type\":\"ListItem\",\"position\":1,\"name\":\"Investisseurs\",\"item\":\"https:\\\/\\\/www.vallourec.com\\\/fr\\\/investisseurs\\\/\"},{\"@type\":\"ListItem\",\"position\":2,\"name\":\"Informations boursi\u00e8res\",\"item\":\"https:\\\/\\\/www.vallourec.com\\\/fr\\\/investisseurs\\\/informations-boursieres\\\/\"},{\"@type\":\"ListItem\",\"position\":3,\"name\":\"Analystes financiers\"}]},{\"@type\":\"WebSite\",\"@id\":\"https:\\\/\\\/www.vallourec.com\\\/fr\\\/#website\",\"url\":\"https:\\\/\\\/www.vallourec.com\\\/fr\\\/\",\"name\":\"Vallourec\",\"description\":\"\",\"publisher\":{\"@id\":\"https:\\\/\\\/www.vallourec.com\\\/fr\\\/#organization\"},\"potentialAction\":[{\"@type\":\"SearchAction\",\"target\":{\"@type\":\"EntryPoint\",\"urlTemplate\":\"https:\\\/\\\/www.vallourec.com\\\/fr\\\/?s={search_term_string}\"},\"query-input\":{\"@type\":\"PropertyValueSpecification\",\"valueRequired\":true,\"valueName\":\"search_term_string\"}}],\"inLanguage\":\"fr-FR\"},{\"@type\":\"Organization\",\"@id\":\"https:\\\/\\\/www.vallourec.com\\\/fr\\\/#organization\",\"name\":\"Vallourec\",\"url\":\"https:\\\/\\\/www.vallourec.com\\\/fr\\\/\",\"logo\":{\"@type\":\"ImageObject\",\"inLanguage\":\"fr-FR\",\"@id\":\"https:\\\/\\\/www.vallourec.com\\\/fr\\\/#\\\/schema\\\/logo\\\/image\\\/\",\"url\":\"https:\\\/\\\/www.vallourec.com\\\/app\\\/uploads\\\/2024\\\/11\\\/vallourec_logo.jpg\",\"contentUrl\":\"https:\\\/\\\/www.vallourec.com\\\/app\\\/uploads\\\/2024\\\/11\\\/vallourec_logo.jpg\",\"width\":662,\"height\":500,\"caption\":\"Vallourec\"},\"image\":{\"@id\":\"https:\\\/\\\/www.vallourec.com\\\/fr\\\/#\\\/schema\\\/logo\\\/image\\\/\"},\"sameAs\":[\"https:\\\/\\\/fr-fr.facebook.com\\\/Vallourec\\\/\",\"https:\\\/\\\/x.com\\\/Vallourec\",\"https:\\\/\\\/www.instagram.com\\\/vallourec\\\/\",\"https:\\\/\\\/fr.linkedin.com\\\/company\\\/vallourec\",\"https:\\\/\\\/www.youtube.com\\\/channel\\\/UCgIl0xm1ANwajVkfCFvZr0w\"]}]}<\/script>","yoast_head_json":{"title":"Analystes financiers - Vallourec","robots":{"index":"index","follow":"follow","max-snippet":"max-snippet:-1","max-image-preview":"max-image-preview:large","max-video-preview":"max-video-preview:-1"},"canonical":"https:\/\/www.vallourec.com\/fr\/investisseurs\/informations-boursieres\/analystes-financiers\/","og_locale":"fr_FR","og_type":"article","og_title":"Analystes financiers - Vallourec","og_url":"https:\/\/www.vallourec.com\/fr\/investisseurs\/informations-boursieres\/analystes-financiers\/","og_site_name":"Vallourec","article_publisher":"https:\/\/fr-fr.facebook.com\/Vallourec\/","article_modified_time":"2026-01-16T17:18:35+00:00","twitter_card":"summary_large_image","twitter_site":"@Vallourec","twitter_misc":{"Dur\u00e9e de lecture estim\u00e9e":"1 minute"},"schema":{"@context":"https:\/\/schema.org","@graph":[{"@type":"WebPage","@id":"https:\/\/www.vallourec.com\/fr\/investisseurs\/informations-boursieres\/analystes-financiers\/","url":"https:\/\/www.vallourec.com\/fr\/investisseurs\/informations-boursieres\/analystes-financiers\/","name":"Analystes financiers - Vallourec","isPartOf":{"@id":"https:\/\/www.vallourec.com\/fr\/#website"},"datePublished":"2023-09-21T10:13:32+00:00","dateModified":"2026-01-16T17:18:35+00:00","breadcrumb":{"@id":"https:\/\/www.vallourec.com\/fr\/investisseurs\/informations-boursieres\/analystes-financiers\/#breadcrumb"},"inLanguage":"fr-FR","potentialAction":[{"@type":"ReadAction","target":["https:\/\/www.vallourec.com\/fr\/investisseurs\/informations-boursieres\/analystes-financiers\/"]}]},{"@type":"BreadcrumbList","@id":"https:\/\/www.vallourec.com\/fr\/investisseurs\/informations-boursieres\/analystes-financiers\/#breadcrumb","itemListElement":[{"@type":"ListItem","position":1,"name":"Investisseurs","item":"https:\/\/www.vallourec.com\/fr\/investisseurs\/"},{"@type":"ListItem","position":2,"name":"Informations boursi\u00e8res","item":"https:\/\/www.vallourec.com\/fr\/investisseurs\/informations-boursieres\/"},{"@type":"ListItem","position":3,"name":"Analystes financiers"}]},{"@type":"WebSite","@id":"https:\/\/www.vallourec.com\/fr\/#website","url":"https:\/\/www.vallourec.com\/fr\/","name":"Vallourec","description":"","publisher":{"@id":"https:\/\/www.vallourec.com\/fr\/#organization"},"potentialAction":[{"@type":"SearchAction","target":{"@type":"EntryPoint","urlTemplate":"https:\/\/www.vallourec.com\/fr\/?s={search_term_string}"},"query-input":{"@type":"PropertyValueSpecification","valueRequired":true,"valueName":"search_term_string"}}],"inLanguage":"fr-FR"},{"@type":"Organization","@id":"https:\/\/www.vallourec.com\/fr\/#organization","name":"Vallourec","url":"https:\/\/www.vallourec.com\/fr\/","logo":{"@type":"ImageObject","inLanguage":"fr-FR","@id":"https:\/\/www.vallourec.com\/fr\/#\/schema\/logo\/image\/","url":"https:\/\/www.vallourec.com\/app\/uploads\/2024\/11\/vallourec_logo.jpg","contentUrl":"https:\/\/www.vallourec.com\/app\/uploads\/2024\/11\/vallourec_logo.jpg","width":662,"height":500,"caption":"Vallourec"},"image":{"@id":"https:\/\/www.vallourec.com\/fr\/#\/schema\/logo\/image\/"},"sameAs":["https:\/\/fr-fr.facebook.com\/Vallourec\/","https:\/\/x.com\/Vallourec","https:\/\/www.instagram.com\/vallourec\/","https:\/\/fr.linkedin.com\/company\/vallourec","https:\/\/www.youtube.com\/channel\/UCgIl0xm1ANwajVkfCFvZr0w"]}]}},"_links":{"self":[{"href":"https:\/\/www.vallourec.com\/fr\/wp-json\/wp\/v2\/pages\/10449","targetHints":{"allow":["GET"]}}],"collection":[{"href":"https:\/\/www.vallourec.com\/fr\/wp-json\/wp\/v2\/pages"}],"about":[{"href":"https:\/\/www.vallourec.com\/fr\/wp-json\/wp\/v2\/types\/page"}],"author":[{"embeddable":true,"href":"https:\/\/www.vallourec.com\/fr\/wp-json\/wp\/v2\/users\/1"}],"replies":[{"embeddable":true,"href":"https:\/\/www.vallourec.com\/fr\/wp-json\/wp\/v2\/comments?post=10449"}],"version-history":[{"count":31,"href":"https:\/\/www.vallourec.com\/fr\/wp-json\/wp\/v2\/pages\/10449\/revisions"}],"predecessor-version":[{"id":25849,"href":"https:\/\/www.vallourec.com\/fr\/wp-json\/wp\/v2\/pages\/10449\/revisions\/25849"}],"up":[{"embeddable":true,"href":"https:\/\/www.vallourec.com\/fr\/wp-json\/wp\/v2\/pages\/3555"}],"wp:attachment":[{"href":"https:\/\/www.vallourec.com\/fr\/wp-json\/wp\/v2\/media?parent=10449"}],"curies":[{"name":"wp","href":"https:\/\/api.w.org\/{rel}","templated":true}]}}