{"id":10436,"date":"2023-09-21T14:37:49","date_gmt":"2023-09-21T12:37:49","guid":{"rendered":"https:\/\/www.vallourec.com\/investisseurs\/informations-financieres\/other-financial-information\/"},"modified":"2023-12-13T14:52:49","modified_gmt":"2023-12-13T13:52:49","slug":"other-financial-information","status":"publish","type":"page","link":"https:\/\/www.vallourec.com\/fr\/investisseurs\/informations-financieres\/other-financial-information\/","title":{"rendered":"Autres informations"},"content":{"rendered":"\t\t<div data-elementor-type=\"wp-page\" data-elementor-id=\"10436\" class=\"elementor elementor-10436 elementor-3110\">\n\t\t\t\t\t\t<section class=\"elementor-section elementor-top-section elementor-element elementor-element-26ba218 elementor-section-boxed elementor-section-height-default elementor-section-height-default\" data-id=\"26ba218\" data-element_type=\"section\" data-e-type=\"section\">\n\t\t\t\t\t\t<div class=\"elementor-container elementor-column-gap-default\">\n\t\t\t\t\t<div class=\"elementor-column elementor-col-100 elementor-top-column elementor-element elementor-element-5d2233a\" data-id=\"5d2233a\" data-element_type=\"column\" data-e-type=\"column\">\n\t\t\t<div class=\"elementor-widget-wrap elementor-element-populated\">\n\t\t\t\t\t\t<div class=\"elementor-element elementor-element-572d67d elementor-widget elementor-widget-title\" data-id=\"572d67d\" data-element_type=\"widget\" data-e-type=\"widget\" data-widget_type=\"title.default\">\n\t\t\t\t<div class=\"elementor-widget-container\">\n\t\t\t\t\t<div>\n      <div class=\"block mb-[3rem] md:mb-none md:flex relative\">\n      <h2 class=\"w-fit title-h2 pb-2 md:pb-0 \">Augmentation de Capital<\/h2>\n      <div class=\"title-divider ml-0 mr-0 md:ml-3 self-center\"><\/div>\n      <p class=\"title-anchor -bottom-[2rem] md:bottom-[50%] right-0 \" id=\"\"><\/p>\n    <\/div>\n  <\/div>\n\t\t\t\t<\/div>\n\t\t\t\t<\/div>\n\t\t\t\t<div class=\"elementor-element elementor-element-b5d3334 elementor-widget elementor-widget-publications\" data-id=\"b5d3334\" data-element_type=\"widget\" data-e-type=\"widget\" data-widget_type=\"publications.default\">\n\t\t\t\t<div class=\"elementor-widget-container\">\n\t\t\t\t\t<div class=\"pagination-filter-component dynamic-filterable-component\">\n\n  \n        \n  \n  \n          <div\n        class=\"dynamic-div\"\n        data-ajax-action=\"pagination_publication_list\"\n        data-page=\"1\"\n        data-lang=\"fr\"\n      >\n        <div class=\"flex flex-col md:flex-row md:flex-wrap md:justify-between gap-y-[1.875rem] mt-6 md:mt-4 w-full\" data-nb-pages=\"1\">\n    <div class=\"flex flex-col justify-between w-full md:w-[45%]\">\n        <div>\n  <div class=\"flex justify-between mb-2\">\n          \n      <div class=\"font-medium text-blue-secondary-800\">Communiqu\u00e9 de presse r\u00e9glement\u00e9<\/div>\n        <div class=\"text-grey ml-auto\">24 juin 2021<\/div>\n  <\/div>\n  <a  href=\"https:\/\/www.vallourec.com\/app\/uploads\/2021\/06\/20210624-Vallourec-communique-presse-Resultat-Augmentation-de-capital.pdf\" target=\"_blank\"  class=\"inline-block transition font-bold text-xl text-black mb-2 hover:text-blue-primary-brand hover:translate-x-2\">Vallourec annonce le succ\u00e8s de son augmentation de capital avec maintien du droit pr\u00e9f\u00e9rentiel de souscription d\u2019environ 300 millions d\u2019euros<\/a>\n  <div class=\"text-sm text-black \"><\/div>\n<\/div>\n<div class=\"flex items-center gap-x-[0.9375rem] mt-1 min-h-[2.5rem]\">\n  <div class=\"w-full h-[1px] bg-black\"><\/div>\n      <a href=\"https:\/\/www.vallourec.com\/app\/uploads\/2021\/06\/20210624-Vallourec-communique-presse-Resultat-Augmentation-de-capital.pdf\" target=\"_blank\" class=\"btn btn-secondary  flex items-center min-w-fit\"><span class=\"btn-press-release-label-save\">T\u00e9l\u00e9charger<\/span><\/a>\n  <\/div>\n      <\/div>\n                <div class=\"flex flex-col justify-between w-full md:w-[45%]\">\n        <div>\n  <div class=\"flex justify-between mb-2\">\n          \n      <div class=\"font-medium text-blue-secondary-800\">Communiqu\u00e9 de presse r\u00e9glement\u00e9<\/div>\n        <div class=\"text-grey ml-auto\">29 mars 2016<\/div>\n  <\/div>\n  <a  href=\"https:\/\/www.vallourec.com\/app\/uploads\/2016\/03\/20160330-Vallourec-communique-Adnoc-FR.pdf\" target=\"_blank\"  class=\"inline-block transition font-bold text-xl text-black mb-2 hover:text-blue-primary-brand hover:translate-x-2\">Vallourec conclut des accords portant sur des lignes de cr\u00e9dits ainsi qu'une conduite d'op\u00e9ration d'augmentation du capital<\/a>\n  <div class=\"text-sm text-black \"><\/div>\n<\/div>\n<div class=\"flex items-center gap-x-[0.9375rem] mt-1 min-h-[2.5rem]\">\n  <div class=\"w-full h-[1px] bg-black\"><\/div>\n      <a href=\"https:\/\/www.vallourec.com\/app\/uploads\/2016\/03\/20160330-Vallourec-communique-Adnoc-FR.pdf\" target=\"_blank\" class=\"btn btn-secondary  flex items-center min-w-fit\"><span class=\"btn-press-release-label-save\">T\u00e9l\u00e9charger<\/span><\/a>\n  <\/div>\n      <\/div>\n        <\/div>\n      <\/div>\n\n      \n      <div class=\"flex justify-center mt-10 mb-[1.875rem] md:mb-0 pagination-container\">\n  <\/div>\n    \n  \n<\/div>\n\t\t\t\t<\/div>\n\t\t\t\t<\/div>\n\t\t\t\t<div class=\"elementor-element elementor-element-4d823d8 elementor-widget elementor-widget-spacer\" data-id=\"4d823d8\" data-element_type=\"widget\" data-e-type=\"widget\" data-widget_type=\"spacer.default\">\n\t\t\t\t\t\t\t<div class=\"elementor-spacer\">\n\t\t\t<div class=\"elementor-spacer-inner\"><\/div>\n\t\t<\/div>\n\t\t\t\t\t\t<\/div>\n\t\t\t\t<div class=\"elementor-element elementor-element-e66a8ee elementor-widget elementor-widget-title\" data-id=\"e66a8ee\" data-element_type=\"widget\" data-e-type=\"widget\" data-widget_type=\"title.default\">\n\t\t\t\t<div class=\"elementor-widget-container\">\n\t\t\t\t\t<div>\n      <div class=\"block mb-[3rem] md:mb-none md:flex relative\">\n      <h2 class=\"w-fit title-h2 pb-2 md:pb-0 \">Restructuration financi\u00e8re<\/h2>\n      <div class=\"title-divider ml-0 mr-0 md:ml-3 self-center\"><\/div>\n      <p class=\"title-anchor -bottom-[2rem] md:bottom-[50%] right-0 \" id=\"\"><\/p>\n    <\/div>\n  <\/div>\n\t\t\t\t<\/div>\n\t\t\t\t<\/div>\n\t\t\t\t<div class=\"elementor-element elementor-element-e37a435 elementor-widget elementor-widget-publications\" data-id=\"e37a435\" data-element_type=\"widget\" data-e-type=\"widget\" data-widget_type=\"publications.default\">\n\t\t\t\t<div class=\"elementor-widget-container\">\n\t\t\t\t\t<div class=\"pagination-filter-component dynamic-filterable-component\">\n\n  \n        \n  \n  \n          <div\n        class=\"dynamic-div\"\n        data-ajax-action=\"pagination_publication_list\"\n        data-page=\"1\"\n        data-lang=\"fr\"\n      >\n        <div class=\"flex flex-col md:flex-row md:flex-wrap md:justify-between gap-y-[1.875rem] mt-6 md:mt-4 w-full\" data-nb-pages=\"1\">\n    <div class=\"flex flex-col justify-between w-full md:w-[45%]\">\n        <div>\n  <div class=\"flex justify-between mb-2\">\n          \n      <div class=\"font-medium text-blue-secondary-800\">Communiqu\u00e9 de presse r\u00e9glement\u00e9<\/div>\n        <div class=\"text-grey ml-auto\">1 juillet 2021<\/div>\n  <\/div>\n  <a  href=\"https:\/\/www.vallourec.com\/app\/uploads\/2021\/07\/20210701-Vallourec-communique-presse-Succes-Restructuration-Financiere.pdf\" target=\"_blank\"  class=\"inline-block transition font-bold text-xl text-black mb-2 hover:text-blue-primary-brand hover:translate-x-2\">Vallourec finalise avec succ\u00e8s sa restructuration financi\u00e8re et adopte un nouveau mode de gouvernance<\/a>\n  <div class=\"text-sm text-black \"><\/div>\n<\/div>\n<div class=\"flex items-center gap-x-[0.9375rem] mt-1 min-h-[2.5rem]\">\n  <div class=\"w-full h-[1px] bg-black\"><\/div>\n      <a href=\"https:\/\/www.vallourec.com\/app\/uploads\/2021\/07\/20210701-Vallourec-communique-presse-Succes-Restructuration-Financiere.pdf\" target=\"_blank\" class=\"btn btn-secondary  flex items-center min-w-fit\"><span class=\"btn-press-release-label-save\">T\u00e9l\u00e9charger<\/span><\/a>\n  <\/div>\n      <\/div>\n                <div class=\"flex flex-col justify-between w-full md:w-[45%]\">\n        <div>\n  <div class=\"flex justify-between mb-2\">\n          \n      <div class=\"font-medium text-blue-secondary-800\">Communiqu\u00e9 de presse r\u00e9glement\u00e9<\/div>\n        <div class=\"text-grey ml-auto\">20 avril 2021<\/div>\n  <\/div>\n  <a  href=\"https:\/\/www.vallourec.com\/app\/uploads\/2021\/04\/20210420-Vallourec-communique-presse-Approbation-resolutions-AGM.pdf\" target=\"_blank\"  class=\"inline-block transition font-bold text-xl text-black mb-2 hover:text-blue-primary-brand hover:translate-x-2\">L\u2019assembl\u00e9e g\u00e9n\u00e9rale des actionnaires approuve les r\u00e9solutions n\u00e9cessaires a la mise en \u0153uvre du plan de restructuration financi\u00e8re a une tr\u00e8s large majorit\u00e9<\/a>\n  <div class=\"text-sm text-black \"><\/div>\n<\/div>\n<div class=\"flex items-center gap-x-[0.9375rem] mt-1 min-h-[2.5rem]\">\n  <div class=\"w-full h-[1px] bg-black\"><\/div>\n      <a href=\"https:\/\/www.vallourec.com\/app\/uploads\/2021\/04\/20210420-Vallourec-communique-presse-Approbation-resolutions-AGM.pdf\" target=\"_blank\" class=\"btn btn-secondary  flex items-center min-w-fit\"><span class=\"btn-press-release-label-save\">T\u00e9l\u00e9charger<\/span><\/a>\n  <\/div>\n      <\/div>\n                <div class=\"flex flex-col justify-between w-full md:w-[45%]\">\n        <div>\n  <div class=\"flex justify-between mb-2\">\n          \n      <div class=\"font-medium text-blue-secondary-800\">Communiqu\u00e9 de presse r\u00e9glement\u00e9<\/div>\n        <div class=\"text-grey ml-auto\">1 avril 2021<\/div>\n  <\/div>\n  <a  href=\"https:\/\/www.vallourec.com\/app\/uploads\/2021\/04\/20210401-Vallourec-communique-presse-Mise-disposition-prospectus.pdf\" target=\"_blank\"  class=\"inline-block transition font-bold text-xl text-black mb-2 hover:text-blue-primary-brand hover:translate-x-2\">Mise \u00e0 disposition d\u2019un prospectus relatif \u00e0 certaines op\u00e9rations d\u2019\u00e9missions pr\u00e9vues dans le cadre de la restructuration financi\u00e8re de Vallourec et conclusions du rapport de l\u2019expert ind\u00e9pendant<\/a>\n  <div class=\"text-sm text-black \"><\/div>\n<\/div>\n<div class=\"flex items-center gap-x-[0.9375rem] mt-1 min-h-[2.5rem]\">\n  <div class=\"w-full h-[1px] bg-black\"><\/div>\n      <a href=\"https:\/\/www.vallourec.com\/app\/uploads\/2021\/04\/20210401-Vallourec-communique-presse-Mise-disposition-prospectus.pdf\" target=\"_blank\" class=\"btn btn-secondary  flex items-center min-w-fit\"><span class=\"btn-press-release-label-save\">T\u00e9l\u00e9charger<\/span><\/a>\n  <\/div>\n      <\/div>\n                <div class=\"flex flex-col justify-between w-full md:w-[45%]\">\n        <div>\n  <div class=\"flex justify-between mb-2\">\n          \n      <div class=\"font-medium text-blue-secondary-800\">Communiqu\u00e9 de presse r\u00e9glement\u00e9<\/div>\n        <div class=\"text-grey ml-auto\">30 mars 2021<\/div>\n  <\/div>\n  <a  href=\"https:\/\/www.vallourec.com\/app\/uploads\/2021\/03\/20210330-Vallourec-communique-presse-Mise-disposition-rapport-expert-independant.pdf\" target=\"_blank\"  class=\"inline-block transition font-bold text-xl text-black mb-2 hover:text-blue-primary-brand hover:translate-x-2\">Mise \u00e0 disposition du rapport de l\u2019expert ind\u00e9pendant \u00e9tabli dans le cadre de la restructuration financi\u00e8re de Vallourec<\/a>\n  <div class=\"text-sm text-black \"><\/div>\n<\/div>\n<div class=\"flex items-center gap-x-[0.9375rem] mt-1 min-h-[2.5rem]\">\n  <div class=\"w-full h-[1px] bg-black\"><\/div>\n      <a href=\"https:\/\/www.vallourec.com\/app\/uploads\/2021\/03\/20210330-Vallourec-communique-presse-Mise-disposition-rapport-expert-independant.pdf\" target=\"_blank\" class=\"btn btn-secondary  flex items-center min-w-fit\"><span class=\"btn-press-release-label-save\">T\u00e9l\u00e9charger<\/span><\/a>\n  <\/div>\n      <\/div>\n                <div class=\"flex flex-col justify-between w-full md:w-[45%]\">\n        <div>\n  <div class=\"flex justify-between mb-2\">\n          \n      <div class=\"font-medium text-blue-secondary-800\">Communiqu\u00e9 de presse r\u00e9glement\u00e9<\/div>\n        <div class=\"text-grey ml-auto\">3 f\u00e9vrier 2021<\/div>\n  <\/div>\n  <a  href=\"https:\/\/www.vallourec.com\/app\/uploads\/2021\/02\/20210203-Vallourec-communique-presse-Annonce-plan-de-restructuration-financiere.pdf\" target=\"_blank\"  class=\"inline-block transition font-bold text-xl text-black mb-2 hover:text-blue-primary-brand hover:translate-x-2\">Vallourec franchit une \u00e9tape majeure dans sa restructuration financi\u00e8re gr\u00e2ce \u00e0 un accord de principe avec ses principaux cr\u00e9anciers<\/a>\n  <div class=\"text-sm text-black \"><\/div>\n<\/div>\n<div class=\"flex items-center gap-x-[0.9375rem] mt-1 min-h-[2.5rem]\">\n  <div class=\"w-full h-[1px] bg-black\"><\/div>\n      <a href=\"https:\/\/www.vallourec.com\/app\/uploads\/2021\/02\/20210203-Vallourec-communique-presse-Annonce-plan-de-restructuration-financiere.pdf\" target=\"_blank\" class=\"btn btn-secondary  flex items-center min-w-fit\"><span class=\"btn-press-release-label-save\">T\u00e9l\u00e9charger<\/span><\/a>\n  <\/div>\n      <\/div>\n                <div class=\"flex flex-col justify-between w-full md:w-[45%]\">\n        <div>\n  <div class=\"flex justify-between mb-2\">\n          \n      <div class=\"font-medium text-blue-secondary-800\">Communiqu\u00e9 de presse r\u00e9glement\u00e9<\/div>\n        <div class=\"text-grey ml-auto\">17 novembre 2020<\/div>\n  <\/div>\n  <a  href=\"https:\/\/www.vallourec.com\/app\/uploads\/2020\/11\/20201117-Vallourec-communique-presse-Vallourec-Information-Restructuration-Financiere.pdf\" target=\"_blank\"  class=\"inline-block transition font-bold text-xl text-black mb-2 hover:text-blue-primary-brand hover:translate-x-2\">Vallourec : Information sur la Restructuration Financi\u00e8re<\/a>\n  <div class=\"text-sm text-black \"><\/div>\n<\/div>\n<div class=\"flex items-center gap-x-[0.9375rem] mt-1 min-h-[2.5rem]\">\n  <div class=\"w-full h-[1px] bg-black\"><\/div>\n      <a href=\"https:\/\/www.vallourec.com\/app\/uploads\/2020\/11\/20201117-Vallourec-communique-presse-Vallourec-Information-Restructuration-Financiere.pdf\" target=\"_blank\" class=\"btn btn-secondary  flex items-center min-w-fit\"><span class=\"btn-press-release-label-save\">T\u00e9l\u00e9charger<\/span><\/a>\n  <\/div>\n      <\/div>\n                <div class=\"flex flex-col justify-between w-full md:w-[45%]\">\n        <div>\n  <div class=\"flex justify-between mb-2\">\n          \n      <div class=\"font-medium text-blue-secondary-800\">Communiqu\u00e9 de presse r\u00e9glement\u00e9<\/div>\n        <div class=\"text-grey ml-auto\">1 septembre 2020<\/div>\n  <\/div>\n  <a  href=\"https:\/\/www.vallourec.com\/app\/uploads\/2020\/09\/20200901-Vallourec-communique-presse-Vallourec-Consent-Sollicitation.pdf\" target=\"_blank\"  class=\"inline-block transition font-bold text-xl text-black mb-2 hover:text-blue-primary-brand hover:translate-x-2\">Sollicitation de l\u2019accord de certains pr\u00eateurs en vue de discussions avec l\u2019ensemble des parties prenantes sur une restructuration financi\u00e8re et de la nomination potentielle d\u2019un mandataire ad hoc<\/a>\n  <div class=\"text-sm text-black \"><\/div>\n<\/div>\n<div class=\"flex items-center gap-x-[0.9375rem] mt-1 min-h-[2.5rem]\">\n  <div class=\"w-full h-[1px] bg-black\"><\/div>\n      <a href=\"https:\/\/www.vallourec.com\/app\/uploads\/2020\/09\/20200901-Vallourec-communique-presse-Vallourec-Consent-Sollicitation.pdf\" target=\"_blank\" class=\"btn btn-secondary  flex items-center min-w-fit\"><span class=\"btn-press-release-label-save\">T\u00e9l\u00e9charger<\/span><\/a>\n  <\/div>\n      <\/div>\n        <\/div>\n      <\/div>\n\n      \n      <div class=\"flex justify-center mt-10 mb-[1.875rem] md:mb-0 pagination-container\">\n  <\/div>\n    \n  \n<\/div>\n\t\t\t\t<\/div>\n\t\t\t\t<\/div>\n\t\t\t\t<div class=\"elementor-element elementor-element-ed3f65f elementor-widget elementor-widget-spacer\" data-id=\"ed3f65f\" data-element_type=\"widget\" data-e-type=\"widget\" data-widget_type=\"spacer.default\">\n\t\t\t\t\t\t\t<div class=\"elementor-spacer\">\n\t\t\t<div class=\"elementor-spacer-inner\"><\/div>\n\t\t<\/div>\n\t\t\t\t\t\t<\/div>\n\t\t\t\t<div class=\"elementor-element elementor-element-7efe314 elementor-widget elementor-widget-more_information\" data-id=\"7efe314\" data-element_type=\"widget\" data-e-type=\"widget\" data-widget_type=\"more_information.default\">\n\t\t\t\t<div class=\"elementor-widget-container\">\n\t\t\t\t\t<div class=\"mr-[2.5rem]\">\n  <div class=\"relative   px-4 lg:px-0\">\n    <div class=\"absolute bg-blue-primary-brand w-full h-full -translate-x-full\"><\/div>\n    <div class=\"flex flex-col inline-flex md:flex-row py-4 gap-4 items-right md:items-center bg-blue-primary-brand\">\n      <div class=\"text-white font-medium md:text-[1.25rem] mr-4 z-10\">Po\u200bur sui\u200bvre l'actualit\u00e9 financi\u00e8re de Vall\u200b\u200bourec, abonnez-vous \u00e0 notre fil d'informations.<\/div>\n        <div class=\"flex flex-wrap gap-4 mr-4\">\n                  <a\n            href=\"https:\/\/confirmsubscription.com\/h\/d\/34A921248F7FE849\"\n             target=\"_blank\"             class=\"btn btn-secondary flex items-center min-w-fit px-2\"\n          >\n          <span><span class=\"pr-3 fas fa-external-link-alt\"><\/span>Inscription<\/span>\n          <\/a>\n              <\/div>\n    <\/div>\n  <\/div>\n<\/div>\n\n\n\n\n\t\t\t\t<\/div>\n\t\t\t\t<\/div>\n\t\t\t\t\t<\/div>\n\t\t<\/div>\n\t\t\t\t\t<\/div>\n\t\t<\/section>\n\t\t\t\t<\/div>\n\t\t","protected":false},"excerpt":{"rendered":"","protected":false},"author":1,"featured_media":0,"parent":3551,"menu_order":0,"comment_status":"closed","ping_status":"closed","template":"","meta":{"_acf_changed":false,"footnotes":""},"class_list":["post-10436","page","type-page","status-publish","hentry"],"acf":[],"yoast_head":"<title>Autres informations - Vallourec<\/title>\n<meta name=\"robots\" content=\"index, follow, max-snippet:-1, max-image-preview:large, max-video-preview:-1\" \/>\n<link rel=\"canonical\" href=\"https:\/\/www.vallourec.com\/fr\/investisseurs\/informations-financieres\/other-financial-information\/\" \/>\n<meta property=\"og:locale\" content=\"fr_FR\" \/>\n<meta property=\"og:type\" content=\"article\" \/>\n<meta property=\"og:title\" content=\"Autres informations - Vallourec\" \/>\n<meta property=\"og:url\" content=\"https:\/\/www.vallourec.com\/fr\/investisseurs\/informations-financieres\/other-financial-information\/\" \/>\n<meta property=\"og:site_name\" content=\"Vallourec\" \/>\n<meta property=\"article:publisher\" content=\"https:\/\/fr-fr.facebook.com\/Vallourec\/\" \/>\n<meta property=\"article:modified_time\" content=\"2023-12-13T13:52:49+00:00\" \/>\n<meta name=\"twitter:card\" content=\"summary_large_image\" \/>\n<meta name=\"twitter:site\" content=\"@Vallourec\" \/>\n<meta name=\"twitter:label1\" content=\"Dur\u00e9e de lecture estim\u00e9e\" \/>\n\t<meta name=\"twitter:data1\" content=\"2 minutes\" \/>\n<script type=\"application\/ld+json\" class=\"yoast-schema-graph\">{\"@context\":\"https:\\\/\\\/schema.org\",\"@graph\":[{\"@type\":\"WebPage\",\"@id\":\"https:\\\/\\\/www.vallourec.com\\\/fr\\\/investisseurs\\\/informations-financieres\\\/other-financial-information\\\/\",\"url\":\"https:\\\/\\\/www.vallourec.com\\\/fr\\\/investisseurs\\\/informations-financieres\\\/other-financial-information\\\/\",\"name\":\"Autres informations - Vallourec\",\"isPartOf\":{\"@id\":\"https:\\\/\\\/www.vallourec.com\\\/fr\\\/#website\"},\"datePublished\":\"2023-09-21T12:37:49+00:00\",\"dateModified\":\"2023-12-13T13:52:49+00:00\",\"breadcrumb\":{\"@id\":\"https:\\\/\\\/www.vallourec.com\\\/fr\\\/investisseurs\\\/informations-financieres\\\/other-financial-information\\\/#breadcrumb\"},\"inLanguage\":\"fr-FR\",\"potentialAction\":[{\"@type\":\"ReadAction\",\"target\":[\"https:\\\/\\\/www.vallourec.com\\\/fr\\\/investisseurs\\\/informations-financieres\\\/other-financial-information\\\/\"]}]},{\"@type\":\"BreadcrumbList\",\"@id\":\"https:\\\/\\\/www.vallourec.com\\\/fr\\\/investisseurs\\\/informations-financieres\\\/other-financial-information\\\/#breadcrumb\",\"itemListElement\":[{\"@type\":\"ListItem\",\"position\":1,\"name\":\"Investisseurs\",\"item\":\"https:\\\/\\\/www.vallourec.com\\\/fr\\\/investisseurs\\\/\"},{\"@type\":\"ListItem\",\"position\":2,\"name\":\"Informations financi\u00e8res\",\"item\":\"https:\\\/\\\/www.vallourec.com\\\/fr\\\/investisseurs\\\/informations-financieres\\\/\"},{\"@type\":\"ListItem\",\"position\":3,\"name\":\"Autres informations\"}]},{\"@type\":\"WebSite\",\"@id\":\"https:\\\/\\\/www.vallourec.com\\\/fr\\\/#website\",\"url\":\"https:\\\/\\\/www.vallourec.com\\\/fr\\\/\",\"name\":\"Vallourec\",\"description\":\"\",\"publisher\":{\"@id\":\"https:\\\/\\\/www.vallourec.com\\\/fr\\\/#organization\"},\"potentialAction\":[{\"@type\":\"SearchAction\",\"target\":{\"@type\":\"EntryPoint\",\"urlTemplate\":\"https:\\\/\\\/www.vallourec.com\\\/fr\\\/?s={search_term_string}\"},\"query-input\":{\"@type\":\"PropertyValueSpecification\",\"valueRequired\":true,\"valueName\":\"search_term_string\"}}],\"inLanguage\":\"fr-FR\"},{\"@type\":\"Organization\",\"@id\":\"https:\\\/\\\/www.vallourec.com\\\/fr\\\/#organization\",\"name\":\"Vallourec\",\"url\":\"https:\\\/\\\/www.vallourec.com\\\/fr\\\/\",\"logo\":{\"@type\":\"ImageObject\",\"inLanguage\":\"fr-FR\",\"@id\":\"https:\\\/\\\/www.vallourec.com\\\/fr\\\/#\\\/schema\\\/logo\\\/image\\\/\",\"url\":\"https:\\\/\\\/www.vallourec.com\\\/app\\\/uploads\\\/2024\\\/11\\\/vallourec_logo.jpg\",\"contentUrl\":\"https:\\\/\\\/www.vallourec.com\\\/app\\\/uploads\\\/2024\\\/11\\\/vallourec_logo.jpg\",\"width\":662,\"height\":500,\"caption\":\"Vallourec\"},\"image\":{\"@id\":\"https:\\\/\\\/www.vallourec.com\\\/fr\\\/#\\\/schema\\\/logo\\\/image\\\/\"},\"sameAs\":[\"https:\\\/\\\/fr-fr.facebook.com\\\/Vallourec\\\/\",\"https:\\\/\\\/x.com\\\/Vallourec\",\"https:\\\/\\\/www.instagram.com\\\/vallourec\\\/\",\"https:\\\/\\\/fr.linkedin.com\\\/company\\\/vallourec\",\"https:\\\/\\\/www.youtube.com\\\/channel\\\/UCgIl0xm1ANwajVkfCFvZr0w\"]}]}<\/script>","yoast_head_json":{"title":"Autres informations - Vallourec","robots":{"index":"index","follow":"follow","max-snippet":"max-snippet:-1","max-image-preview":"max-image-preview:large","max-video-preview":"max-video-preview:-1"},"canonical":"https:\/\/www.vallourec.com\/fr\/investisseurs\/informations-financieres\/other-financial-information\/","og_locale":"fr_FR","og_type":"article","og_title":"Autres informations - Vallourec","og_url":"https:\/\/www.vallourec.com\/fr\/investisseurs\/informations-financieres\/other-financial-information\/","og_site_name":"Vallourec","article_publisher":"https:\/\/fr-fr.facebook.com\/Vallourec\/","article_modified_time":"2023-12-13T13:52:49+00:00","twitter_card":"summary_large_image","twitter_site":"@Vallourec","twitter_misc":{"Dur\u00e9e de lecture estim\u00e9e":"2 minutes"},"schema":{"@context":"https:\/\/schema.org","@graph":[{"@type":"WebPage","@id":"https:\/\/www.vallourec.com\/fr\/investisseurs\/informations-financieres\/other-financial-information\/","url":"https:\/\/www.vallourec.com\/fr\/investisseurs\/informations-financieres\/other-financial-information\/","name":"Autres informations - Vallourec","isPartOf":{"@id":"https:\/\/www.vallourec.com\/fr\/#website"},"datePublished":"2023-09-21T12:37:49+00:00","dateModified":"2023-12-13T13:52:49+00:00","breadcrumb":{"@id":"https:\/\/www.vallourec.com\/fr\/investisseurs\/informations-financieres\/other-financial-information\/#breadcrumb"},"inLanguage":"fr-FR","potentialAction":[{"@type":"ReadAction","target":["https:\/\/www.vallourec.com\/fr\/investisseurs\/informations-financieres\/other-financial-information\/"]}]},{"@type":"BreadcrumbList","@id":"https:\/\/www.vallourec.com\/fr\/investisseurs\/informations-financieres\/other-financial-information\/#breadcrumb","itemListElement":[{"@type":"ListItem","position":1,"name":"Investisseurs","item":"https:\/\/www.vallourec.com\/fr\/investisseurs\/"},{"@type":"ListItem","position":2,"name":"Informations financi\u00e8res","item":"https:\/\/www.vallourec.com\/fr\/investisseurs\/informations-financieres\/"},{"@type":"ListItem","position":3,"name":"Autres informations"}]},{"@type":"WebSite","@id":"https:\/\/www.vallourec.com\/fr\/#website","url":"https:\/\/www.vallourec.com\/fr\/","name":"Vallourec","description":"","publisher":{"@id":"https:\/\/www.vallourec.com\/fr\/#organization"},"potentialAction":[{"@type":"SearchAction","target":{"@type":"EntryPoint","urlTemplate":"https:\/\/www.vallourec.com\/fr\/?s={search_term_string}"},"query-input":{"@type":"PropertyValueSpecification","valueRequired":true,"valueName":"search_term_string"}}],"inLanguage":"fr-FR"},{"@type":"Organization","@id":"https:\/\/www.vallourec.com\/fr\/#organization","name":"Vallourec","url":"https:\/\/www.vallourec.com\/fr\/","logo":{"@type":"ImageObject","inLanguage":"fr-FR","@id":"https:\/\/www.vallourec.com\/fr\/#\/schema\/logo\/image\/","url":"https:\/\/www.vallourec.com\/app\/uploads\/2024\/11\/vallourec_logo.jpg","contentUrl":"https:\/\/www.vallourec.com\/app\/uploads\/2024\/11\/vallourec_logo.jpg","width":662,"height":500,"caption":"Vallourec"},"image":{"@id":"https:\/\/www.vallourec.com\/fr\/#\/schema\/logo\/image\/"},"sameAs":["https:\/\/fr-fr.facebook.com\/Vallourec\/","https:\/\/x.com\/Vallourec","https:\/\/www.instagram.com\/vallourec\/","https:\/\/fr.linkedin.com\/company\/vallourec","https:\/\/www.youtube.com\/channel\/UCgIl0xm1ANwajVkfCFvZr0w"]}]}},"_links":{"self":[{"href":"https:\/\/www.vallourec.com\/fr\/wp-json\/wp\/v2\/pages\/10436","targetHints":{"allow":["GET"]}}],"collection":[{"href":"https:\/\/www.vallourec.com\/fr\/wp-json\/wp\/v2\/pages"}],"about":[{"href":"https:\/\/www.vallourec.com\/fr\/wp-json\/wp\/v2\/types\/page"}],"author":[{"embeddable":true,"href":"https:\/\/www.vallourec.com\/fr\/wp-json\/wp\/v2\/users\/1"}],"replies":[{"embeddable":true,"href":"https:\/\/www.vallourec.com\/fr\/wp-json\/wp\/v2\/comments?post=10436"}],"version-history":[{"count":19,"href":"https:\/\/www.vallourec.com\/fr\/wp-json\/wp\/v2\/pages\/10436\/revisions"}],"predecessor-version":[{"id":12258,"href":"https:\/\/www.vallourec.com\/fr\/wp-json\/wp\/v2\/pages\/10436\/revisions\/12258"}],"up":[{"embeddable":true,"href":"https:\/\/www.vallourec.com\/fr\/wp-json\/wp\/v2\/pages\/3551"}],"wp:attachment":[{"href":"https:\/\/www.vallourec.com\/fr\/wp-json\/wp\/v2\/media?parent=10436"}],"curies":[{"name":"wp","href":"https:\/\/api.w.org\/{rel}","templated":true}]}}